{"id":12262,"date":"2019-05-17T20:35:56","date_gmt":"2019-05-17T18:35:56","guid":{"rendered":"http:\/\/gruene-ratsfraktion-hildesheim.de\/?page_id=12262"},"modified":"2022-09-21T10:37:35","modified_gmt":"2022-09-21T08:37:35","slug":"antragsdokumente-2019-2020","status":"publish","type":"page","link":"https:\/\/gruene-ratsfraktion-hildesheim.de\/?page_id=12262","title":{"rendered":"Antragsdokumente 2019-2020"},"content":{"rendered":"\n<ul class=\"wp-block-list\"><li><a href=\"https:\/\/gruene-ratsfraktion-hildesheim.de\/wp-content\/uploads\/2022\/09\/2020_09_21-Rot-Gruener-Aenderungsantrag-zur-MKVA-Erbbaurecht.pdf\">20200921 Rot-Gr\u00fcner \u00c4nderungsantrag zu MKVA &#8211; Erbbaurecht<\/a><\/li><li><a href=\"https:\/\/gruene-ratsfraktion-hildesheim.de\/wp-content\/uploads\/2022\/09\/2020_06_30-Rot-Gruener-Aenderungsantrag-zu-Leitlinie-Bebauungsplanfestsetzungen.pdf\">20200630 Rot-Gr\u00fcner \u00c4nderungsantrag zu Leitlinien Bebauungsplanfestsetzungen<\/a><\/li><li><a href=\"https:\/\/gruene-ratsfraktion-hildesheim.de\/wp-content\/uploads\/2020\/01\/2020_01_24-gemeinsamer-Antrag-Kozept-\u00dcberwachung-flie\u00dfender-Verkehr.pdf\">20200124 gemeinsamer Antrag Konzept flie\u00dfender Verkehr<\/a><\/li><li><a href=\"https:\/\/gruene-ratsfraktion-hildesheim.de\/wp-content\/uploads\/2020\/01\/2019_12_13-gemeinsamer-\u00c4nderungsantrag-zum-HH-2020-6-Fraktionen.pdf\">20191213 gemeinsamer \u00c4nderungsantrag zum HH 2020 6 Fraktionen<\/a><\/li><li><a href=\"https:\/\/gruene-ratsfraktion-hildesheim.de\/wp-content\/uploads\/2020\/01\/2019_12_13-gemeinsamer-\u00c4nderungsantrag-zum-HH-2020-5-Fraktionen.pdf\">20191213 gemeinsamer \u00c4nderungsantrag zum HH 2020 5 Fraktionen<\/a><\/li><li><a href=\"https:\/\/gruene-ratsfraktion-hildesheim.de\/wp-content\/uploads\/2020\/01\/2019_12_13-gemeinsamer-\u00c4nderungsantrag-zum-HH-2020-3-Fraktionen.pdf\">20191213 gemeinsamer \u00c4nderungsantrag zum HH 2020 3 Fraktionen<\/a><\/li><li><a href=\"https:\/\/gruene-ratsfraktion-hildesheim.de\/wp-content\/uploads\/2020\/01\/2019_12_13-Fraktionsantrag-Richtlinien-freie-Tr\u00e4ger-Kitas.pdf\">20191213 Fraktionsantrag Richtlinien Freie Tr\u00e4ger Kitas<\/a><\/li><li><a href=\"https:\/\/gruene-ratsfraktion-hildesheim.de\/wp-content\/uploads\/2020\/01\/2019_12_10-gemeinsamer-\u00c4nderungsantrag-zum-HH-2020-Wasserkamp.pdf\">20191210 gemeinsamer \u00c4nderungsantrag zum HH 2020 Wasserkamp<\/a><\/li><li><a href=\"https:\/\/gruene-ratsfraktion-hildesheim.de\/wp-content\/uploads\/2020\/01\/2019_11_29-gemeinsamer-Antrag-Gewinnung-von-Fachkr\u00e4ften-in-Kitas.pdf\">20191129 gemeinsamer Antrag Gewinnung von Fachkr\u00e4ften in Kitas<\/a><\/li><li><a href=\"https:\/\/gruene-ratsfraktion-hildesheim.de\/wp-content\/uploads\/2020\/01\/2019_11_22-gemeinsamer-Antrag-Verwendung-nicht-verausgabte-R\u00fccklage-Marketing.pdf\">20191122 gemeinsamer Antrag Verwendung nicht verausgabte R\u00fccklage Hildesheim Marketing<\/a><\/li><li><a href=\"https:\/\/gruene-ratsfraktion-hildesheim.de\/wp-content\/uploads\/2020\/01\/2019_11_22-gemeinsamer-\u00c4nderungsantrag-Verteilung-Zusch\u00fcsse-vom-LK-Kita-Vertrag.pdf\">20191122 gemeinsamer \u00c4nderungsantrag Verteilung Zusch\u00fcsse vom LK aus Kita-Vertrag<\/a><\/li><li><a href=\"https:\/\/gruene-ratsfraktion-hildesheim.de\/wp-content\/uploads\/2020\/01\/2019_09_23-gemeinsamer-\u00c4nderungsantrag-F\u00f6rderzentrum-Bockfeld.pdf\">20190923 gemeinsamer \u00c4nderungsantrag F\u00f6rderzentrum Bockfeld<\/a><\/li><li><a href=\"https:\/\/gruene-ratsfraktion-hildesheim.de\/wp-content\/uploads\/2020\/01\/2019_09_23-gemeinsamer-Antrag-F\u00f6rderzentrum-Bockfeld.pdf\">20190923 gemeinsamer Antrag F\u00f6rderzentrum Bockfeld<\/a><\/li><li><a href=\"https:\/\/gruene-ratsfraktion-hildesheim.de\/wp-content\/uploads\/2020\/01\/2019_09_13-gemeinsamer-\u00c4nderungsantrag-Investitionen-Kultur.pdf\">20190913 gemeinsamer \u00c4nderungsantrag Investitionen Kultur<\/a><\/li><li><a href=\"https:\/\/gruene-ratsfraktion-hildesheim.de\/wp-content\/uploads\/2020\/01\/2019_08_21-gemeinsamer-Erg\u00e4nzungsantrag-Klimacheck.pdf\">20190821 gemeinsamer Erg\u00e4nzungsantrag Klimacheck<\/a><\/li><li><a href=\"https:\/\/gruene-ratsfraktion-hildesheim.de\/wp-content\/uploads\/2020\/01\/2019_06_18-gemeinsamer-Erg\u00e4nzungsantrag-Senator-Braun-Allee-Klima-und-Nachhaltigkeit.pdf\">20190618 gemeinsamer Erg\u00e4nzungsantrag Senator-Braun-Allee Klima und Nachhaltigkeit<\/a><\/li><li><a href=\"https:\/\/gruene-ratsfraktion-hildesheim.de\/wp-content\/uploads\/2020\/01\/2019_06_18-gemeinsamer-Antrag-Konzept-Stadtordnungsdienst.pdf\"> 20190618 gemeinsamer Antrag Konzept Stadtordnungsdienst<\/a><\/li><li><a href=\"https:\/\/gruene-ratsfraktion-hildesheim.de\/wp-content\/uploads\/2020\/01\/2019_06_18-gemeinsamer-\u00c4nderungsantrag-Radweg-Lerchenkamp.pdf\">20190618 gemeinsamer \u00c4nderungsantrag Radweg Lerchenkamp<\/a><\/li><li><a href=\"https:\/\/gruene-ratsfraktion-hildesheim.de\/wp-content\/uploads\/2019\/06\/2019_06_17-Erg\u00e4nzungsantrag-Wohnraumversorgungskonzept.pdf\">20190617 gemeinsamer Erg\u00e4nzungsantrag Wohnraumversorgungskonzept<\/a><\/li><li><a href=\"https:\/\/gruene-ratsfraktion-hildesheim.de\/wp-content\/uploads\/2020\/01\/2019_06_06-gemeinsamer-Antrag-Zeitplan-f\u00fcr-Jahresabschl\u00fcsse.pdf\">20190606 gemeinsamer Antrag Zeitplan Jahresabschl\u00fcsse<\/a><\/li><li><a href=\"https:\/\/gruene-ratsfraktion-hildesheim.de\/wp-content\/uploads\/2019\/05\/2019_05_20-gemeinsamer-\u00c4nderungsantrag-Zukunft-Stadtgr\u00fcn.pdf\">20190520 gemeinsamer \u00c4nderungsantrag Zukunft Stadtgr\u00fcn<\/a><\/li><li><a href=\"https:\/\/gruene-ratsfraktion-hildesheim.de\/wp-content\/uploads\/2019\/05\/2019_05_13-gemeinsamer-\u00c4nderungsantrag-zur-strategischen-Ausrichtung.pdf\">20190513 gemeinsamer \u00c4nderungsantrag zur stratigischen Ausrichtung<\/a><\/li><li><a href=\"https:\/\/gruene-ratsfraktion-hildesheim.de\/wp-content\/uploads\/2019\/05\/2019_03_29-gemeinsamer-\u00c4nderungsantrag-Lichtkonzept-Bahnhofspassage.pdf\">20190329 gemeinsamer \u00c4nderungsantrag Lichtkonzept f\u00fcr Bahnhofspassage<\/a><\/li><li><a href=\"https:\/\/gruene-ratsfraktion-hildesheim.de\/wp-content\/uploads\/2019\/05\/2019_03_11-gemeinsamer-Antrag-Solidarbeitrag-f\u00fcr-Hildesheim-Marketing.pdf\">20190322 gemeinsamer Antrag Resolution Hilfe f\u00fcr Bootsfl\u00fcchtlinge<\/a><\/li><li><a href=\"https:\/\/gruene-ratsfraktion-hildesheim.de\/wp-content\/uploads\/2019\/05\/2019_03_11-gemeinsamer-Antrag-Solidarbeitrag-f\u00fcr-Hildesheim-Marketing.pdf\">20190311 gemeinsamer Antrag Solidarbeitrag f\u00fcr Hildesheim Marketing<\/a><\/li><li><a href=\"https:\/\/gruene-ratsfraktion-hildesheim.de\/wp-content\/uploads\/2019\/05\/2019_03_07-gemeinsamer-Antrag-Sachstand-zur-Betreuungsb\u00f6rse.pdf\">20190307 gemeinsamer Antrag Sachstand Betreuungsb\u00f6rse<\/a><\/li><li><a href=\"https:\/\/gruene-ratsfraktion-hildesheim.de\/wp-content\/uploads\/2019\/05\/2019_03_07-gemeinsamer-Antrag-Sachstand-Familienb\u00fcro.pdf\">20190307 gemeinsamer Antrag Sachstand Familienb\u00fcro<\/a><\/li><\/ul>\n\n\n\n<p><br><\/p>\n","protected":false},"excerpt":{"rendered":"<p>20200921 Rot-Gr\u00fcner \u00c4nderungsantrag zu MKVA &#8211; Erbbaurecht 20200630 Rot-Gr\u00fcner \u00c4nderungsantrag zu Leitlinien Bebauungsplanfestsetzungen 20200124 gemeinsamer Antrag Konzept flie\u00dfender Verkehr 20191213 gemeinsamer \u00c4nderungsantrag zum HH 2020 6 Fraktionen 20191213 gemeinsamer \u00c4nderungsantrag&#8230; <\/p>\n","protected":false},"author":1,"featured_media":0,"parent":12794,"menu_order":0,"comment_status":"closed","ping_status":"closed","template":"","meta":{"footnotes":""},"class_list":["post-12262","page","type-page","status-publish","hentry"],"_links":{"self":[{"href":"https:\/\/gruene-ratsfraktion-hildesheim.de\/index.php?rest_route=\/wp\/v2\/pages\/12262","targetHints":{"allow":["GET"]}}],"collection":[{"href":"https:\/\/gruene-ratsfraktion-hildesheim.de\/index.php?rest_route=\/wp\/v2\/pages"}],"about":[{"href":"https:\/\/gruene-ratsfraktion-hildesheim.de\/index.php?rest_route=\/wp\/v2\/types\/page"}],"author":[{"embeddable":true,"href":"https:\/\/gruene-ratsfraktion-hildesheim.de\/index.php?rest_route=\/wp\/v2\/users\/1"}],"replies":[{"embeddable":true,"href":"https:\/\/gruene-ratsfraktion-hildesheim.de\/index.php?rest_route=%2Fwp%2Fv2%2Fcomments&post=12262"}],"version-history":[{"count":55,"href":"https:\/\/gruene-ratsfraktion-hildesheim.de\/index.php?rest_route=\/wp\/v2\/pages\/12262\/revisions"}],"predecessor-version":[{"id":13063,"href":"https:\/\/gruene-ratsfraktion-hildesheim.de\/index.php?rest_route=\/wp\/v2\/pages\/12262\/revisions\/13063"}],"up":[{"embeddable":true,"href":"https:\/\/gruene-ratsfraktion-hildesheim.de\/index.php?rest_route=\/wp\/v2\/pages\/12794"}],"wp:attachment":[{"href":"https:\/\/gruene-ratsfraktion-hildesheim.de\/index.php?rest_route=%2Fwp%2Fv2%2Fmedia&parent=12262"}],"curies":[{"name":"wp","href":"https:\/\/api.w.org\/{rel}","templated":true}]}}