{"id":12674,"date":"2021-03-06T19:13:38","date_gmt":"2021-03-06T17:13:38","guid":{"rendered":"http:\/\/gruene-ratsfraktion-hildesheim.de\/?page_id=12674"},"modified":"2022-09-21T11:12:02","modified_gmt":"2022-09-21T09:12:02","slug":"antragsdokumente-2021-22","status":"publish","type":"page","link":"https:\/\/gruene-ratsfraktion-hildesheim.de\/?page_id=12674","title":{"rendered":"Antragsdokumente bis 1\/21 bis 10\/2021"},"content":{"rendered":"\n<ul class=\"wp-block-list\"><li><a href=\"https:\/\/gruene-ratsfraktion-hildesheim.de\/wp-content\/uploads\/2022\/09\/2021_06_28-Gemeinsamer-Aenderungsantrag-Laermaktionsplan.pdf\">2021_06_28 Gemeinsamer \u00c4nderungsantrag L\u00e4rmaktionsplan<\/a><\/li><li><a href=\"https:\/\/gruene-ratsfraktion-hildesheim.de\/wp-content\/uploads\/2022\/09\/2021_05_07-Gemeinsamer-Antrag-Resolution-Kita-Qualitaet-nachhaltig-sichern.pdf\">2021_05_07 Gemeinsamer Antrag Resolution Kita-Qualit\u00e4t nachhaltig sichern<\/a><\/li><li><a href=\"https:\/\/gruene-ratsfraktion-hildesheim.de\/wp-content\/uploads\/2022\/09\/2021_04_26-Rot-Gruener-Antrag-Klimaschutz-Neubau-GAZ.pdf\">2021_04_26 Rot-Gr\u00fcner Antrag Klimaschutz Neubau GAZ<\/a><\/li><li><a href=\"https:\/\/gruene-ratsfraktion-hildesheim.de\/wp-content\/uploads\/2022\/09\/2021_04_23-Gruener-Antrag-Sachstand-Erfahrugen-Gesamtvergabe.pdf\">2021_04_23 Gr\u00fcner Antrag Sachstand Erfahrungen Gesamtvergabe<\/a><\/li><li><a href=\"https:\/\/gruene-ratsfraktion-hildesheim.de\/wp-content\/uploads\/2022\/09\/2021_04_19-Rot-Gruener-Antrag-Einfuehrung-E-Mail-Account-fuer-Ratsmitglieder.pdf\">2021_04_19 Rot-Gr\u00fcner Antrag Einf\u00fchrung E-Mail-Account f\u00fcr Ratsmitglieder<\/a><\/li><li><a href=\"https:\/\/gruene-ratsfraktion-hildesheim.de\/wp-content\/uploads\/2022\/09\/2021_02_18-Gruener-Antrag-Aenderung-Strassensondernutzungssatzung.pdf\">2021_02_18 Gr\u00fcner Antrag \u00c4nderung der Stra\u00dfensondernutzungssatzung<\/a><\/li><\/ul>\n","protected":false},"excerpt":{"rendered":"<p>2021_06_28 Gemeinsamer \u00c4nderungsantrag L\u00e4rmaktionsplan 2021_05_07 Gemeinsamer Antrag Resolution Kita-Qualit\u00e4t nachhaltig sichern 2021_04_26 Rot-Gr\u00fcner Antrag Klimaschutz Neubau GAZ 2021_04_23 Gr\u00fcner Antrag Sachstand Erfahrungen Gesamtvergabe 2021_04_19 Rot-Gr\u00fcner Antrag Einf\u00fchrung E-Mail-Account f\u00fcr Ratsmitglieder&#8230; <\/p>\n","protected":false},"author":1,"featured_media":0,"parent":12794,"menu_order":2,"comment_status":"closed","ping_status":"closed","template":"","meta":{"footnotes":""},"class_list":["post-12674","page","type-page","status-publish","hentry"],"_links":{"self":[{"href":"https:\/\/gruene-ratsfraktion-hildesheim.de\/index.php?rest_route=\/wp\/v2\/pages\/12674","targetHints":{"allow":["GET"]}}],"collection":[{"href":"https:\/\/gruene-ratsfraktion-hildesheim.de\/index.php?rest_route=\/wp\/v2\/pages"}],"about":[{"href":"https:\/\/gruene-ratsfraktion-hildesheim.de\/index.php?rest_route=\/wp\/v2\/types\/page"}],"author":[{"embeddable":true,"href":"https:\/\/gruene-ratsfraktion-hildesheim.de\/index.php?rest_route=\/wp\/v2\/users\/1"}],"replies":[{"embeddable":true,"href":"https:\/\/gruene-ratsfraktion-hildesheim.de\/index.php?rest_route=%2Fwp%2Fv2%2Fcomments&post=12674"}],"version-history":[{"count":12,"href":"https:\/\/gruene-ratsfraktion-hildesheim.de\/index.php?rest_route=\/wp\/v2\/pages\/12674\/revisions"}],"predecessor-version":[{"id":13077,"href":"https:\/\/gruene-ratsfraktion-hildesheim.de\/index.php?rest_route=\/wp\/v2\/pages\/12674\/revisions\/13077"}],"up":[{"embeddable":true,"href":"https:\/\/gruene-ratsfraktion-hildesheim.de\/index.php?rest_route=\/wp\/v2\/pages\/12794"}],"wp:attachment":[{"href":"https:\/\/gruene-ratsfraktion-hildesheim.de\/index.php?rest_route=%2Fwp%2Fv2%2Fmedia&parent=12674"}],"curies":[{"name":"wp","href":"https:\/\/api.w.org\/{rel}","templated":true}]}}