{"id":13198,"date":"2024-02-06T14:08:26","date_gmt":"2024-02-06T12:08:26","guid":{"rendered":"https:\/\/gruene-ratsfraktion-hildesheim.de\/?page_id=13198"},"modified":"2024-08-22T12:34:20","modified_gmt":"2024-08-22T10:34:20","slug":"antragsdokumente-2023","status":"publish","type":"page","link":"https:\/\/gruene-ratsfraktion-hildesheim.de\/?page_id=13198","title":{"rendered":"Antragsdokumente 2023"},"content":{"rendered":"\n<ul class=\"wp-block-list\">\n<li><a href=\"https:\/\/gruene-ratsfraktion-hildesheim.de\/wp-content\/uploads\/2024\/08\/Gruppe-Aenderungsantrag-Standorte-fuer-Container-151223.pdf\">2023_12_15 Gruppe \u00c4nderungsantrag Standorte f\u00fcr Container<\/a><br><\/li>\n\n\n\n<li><a href=\"https:\/\/gruene-ratsfraktion-hildesheim.de\/wp-content\/uploads\/2024\/08\/Gruene-Linke-und-Hirbod-Aenderungsantrag-HH-111223.pdf\">2023_12_11 Gr\u00fcne Linke und Hirbod \u00c4nderungsantrag zum Haushalt<\/a><br><\/li>\n\n\n\n<li><a href=\"https:\/\/gruene-ratsfraktion-hildesheim.de\/wp-content\/uploads\/2024\/08\/Aenderungsantrag-Gruppe-und-Linke-zum-HH-2024-111223.pdf\">2023_12_11 Gruppe und Linke \u00c4nderungsantrag zum Haushalt<\/a><br><\/li>\n\n\n\n<li><a href=\"https:\/\/gruene-ratsfraktion-hildesheim.de\/wp-content\/uploads\/2024\/08\/Aenderungsantrag-Gruppe-zum-Haushalt-2024-111223.pdf\">2023_12_11 Gruppe \u00c4nderungsantrag zum Haushalt<\/a><br><\/li>\n\n\n\n<li><a href=\"https:\/\/gruene-ratsfraktion-hildesheim.de\/wp-content\/uploads\/2024\/08\/Gruppe-Aenderungsantrag-Bebauungsplan-Hohnsenhof-061223.pdf\">2023_12_06 Gruppe \u00c4nderungsantrag Bebauungsplan Hohnsenhof<\/a><br><\/li>\n\n\n\n<li><a href=\"https:\/\/gruene-ratsfraktion-hildesheim.de\/wp-content\/uploads\/2024\/08\/Gruppe-Aenderungsantrag-Verkehrskonzept-Marienburger-Platz-Test-061223.pdf\">2023_12_06 Gruppe \u00c4nderungsantrag Verkehrskonzept Marienburger Platz Test<\/a><br><\/li>\n\n\n\n<li><a href=\"https:\/\/gruene-ratsfraktion-hildesheim.de\/wp-content\/uploads\/2024\/08\/Gruppe-Ergaenzungsantrag-Energiepolitisches-Arbeitspapier-151123.pdf\">2023_11_15 Gruppe Erg\u00e4nzungsantrag Enenrgiepolitisches Arbeitspapier<\/a><br><\/li>\n\n\n\n<li><a href=\"https:\/\/gruene-ratsfraktion-hildesheim.de\/wp-content\/uploads\/2024\/08\/Gruppe-und-Linke-Aenderungsantrag-Richtlinie-verbandliche-Jugendarbeit-180923.pdf\">2023_09_18 Gruppe \u00c4nderungsantrag Richtlinie verbandliche Jugendarbeit<\/a><br><\/li>\n\n\n\n<li><a href=\"https:\/\/gruene-ratsfraktion-hildesheim.de\/wp-content\/uploads\/2024\/08\/Gruppe-Antrag-Sachstand-Quartal-Controlling-Personal-150923.pdf\">2023_09_15 Gruppenantrag Sachstand Quartal Controlling Personal<\/a><br><\/li>\n\n\n\n<li><a href=\"https:\/\/gruene-ratsfraktion-hildesheim.de\/wp-content\/uploads\/2024\/08\/Gruppe-Aenderungsantrag-Entwurf-Wohnmobilstellplatz-260623.pdf\">2023_06_26 Gruppe \u00c4nderungsantrag Entwurf Wohnmobilstellplatz<\/a><br><\/li>\n\n\n\n<li><a href=\"https:\/\/gruene-ratsfraktion-hildesheim.de\/wp-content\/uploads\/2024\/08\/Gemeinsamer-Aenderungsantrag-Dammstrasse-Ergebnis-Symposien-190623.pdf\">2023_06_19 Gemeinsamer Antrag Dammstra\u00dfe Ergebnis Symposien<\/a><br><\/li>\n\n\n\n<li><a href=\"https:\/\/gruene-ratsfraktion-hildesheim.de\/wp-content\/uploads\/2024\/08\/Gruppe-Aenderungsantrag-Investitionsfonds-Bildung-und-Soziales-190623-1.pdf\">2023_06_19 Gruppe \u00c4nderungsantrag Investitionsfonds Bildung und Soziales<\/a><br><\/li>\n\n\n\n<li><a href=\"https:\/\/gruene-ratsfraktion-hildesheim.de\/wp-content\/uploads\/2024\/08\/Antrag-Gruppe-Vielfaltsampeln-120623.pdf\">2023_06_12 Gruppenantrag Vielfaltsampeln<\/a><br><\/li>\n\n\n\n<li><a href=\"https:\/\/gruene-ratsfraktion-hildesheim.de\/wp-content\/uploads\/2024\/08\/Gruppe-Aenderungsantrag-IVEP-Umsetzung-220523.pdf\">2023_05_22 Gruppe \u00c4nderungsantrag IVEP Umsetzung<\/a><br><\/li>\n\n\n\n<li><a href=\"https:\/\/gruene-ratsfraktion-hildesheim.de\/wp-content\/uploads\/2024\/08\/Gruppe-Aenderungsantrag-Standort-Berufsschul-Campus-120523.pdf\">2023_05_12 Gruppe \u00c4nderungsantrag Berufsschul-Campus<\/a><br><\/li>\n\n\n\n<li><a href=\"https:\/\/gruene-ratsfraktion-hildesheim.de\/wp-content\/uploads\/2024\/08\/Gruppe-Antrag-Tempo-30-und-OePNV-090523.pdf\">2023_05_09 Gruppenantrag Tempo 30 und \u00d6PNV<\/a><br><\/li>\n\n\n\n<li><a href=\"https:\/\/gruene-ratsfraktion-hildesheim.de\/wp-content\/uploads\/2024\/08\/Gruppe-Antrag-Sachstand-Ganztagsfoerderung-Grundschulkinder-190423.pdf\">2023_04_19 Gruppenantrag Sachstand Ganztagsf\u00f6rderung Grundschulkinder<\/a><br><\/li>\n\n\n\n<li><a href=\"https:\/\/gruene-ratsfraktion-hildesheim.de\/wp-content\/uploads\/2024\/08\/Gruppe-Antrag-Sachstand-E-Ladesaeulen-310323.pdf\">2023_03_31 Gruppenantrag Sachstand E-Lades\u00e4ulen<\/a><br><\/li>\n\n\n\n<li><a href=\"https:\/\/gruene-ratsfraktion-hildesheim.de\/wp-content\/uploads\/2024\/08\/Gruppe-Antrag-Sachstand-Umruestung-Strassenbeleuchtung-auf-LED-310323.pdf\">2023_03_31 Gruppenantrag Sachstand Umr\u00fcstung Stra\u00dfenbeleuchtung auf LED<\/a><br><\/li>\n\n\n\n<li><a href=\"https:\/\/gruene-ratsfraktion-hildesheim.de\/wp-content\/uploads\/2024\/08\/Gruppe-Antrag-Sachstand-Anschaffung-Mercator-Uhr-310323.pdf\">2023_03_31 Gruppenantrag Sachstand Anschaffung Mercator-Uhr<\/a><br><\/li>\n\n\n\n<li><a href=\"https:\/\/gruene-ratsfraktion-hildesheim.de\/wp-content\/uploads\/2024\/08\/Gruppe-Antrag-Sachstand-Klimawoche-waehrend-Mobilitaetsmeile-280323.pdf\">2023_03_28 Gruppenantrag Sachstand Klimawoche<\/a><br><\/li>\n\n\n\n<li><a href=\"https:\/\/gruene-ratsfraktion-hildesheim.de\/wp-content\/uploads\/2024\/08\/Antrag-Gruppe-Umgang-mit-Schottergaerten-150323.pdf\">2023_03_15 Gruppenantrag Umgang mit Schotterg\u00e4rten<\/a><br><\/li>\n\n\n\n<li><a href=\"https:\/\/gruene-ratsfraktion-hildesheim.de\/wp-content\/uploads\/2024\/08\/Gruppe-Antrag-Kartierung-von-Geschwindigkeitsreduzierungen-230223.pdf\">2023_02_23 Gruppenantrag Kartierung von Geschwindigkeitsreduzierungen<\/a><br><\/li>\n\n\n\n<li><a href=\"https:\/\/gruene-ratsfraktion-hildesheim.de\/wp-content\/uploads\/2024\/08\/Gruppenantrag-Berichte-ueber-Medienentwicklungsplan-230223.pdf\">2023_02_23 Gruppenantrag Berichte \u00fcber Medienentwicklungsplan<\/a><br><\/li>\n\n\n\n<li><a href=\"https:\/\/gruene-ratsfraktion-hildesheim.de\/wp-content\/uploads\/2024\/08\/Gruppenantrag-Pruefauftrag-Dokumentenausgabeautomat-230223-1.pdf\">2023_02_23 Gruppenantrag Pr\u00fcfauftrag Dokumentenausgabeautomat<\/a><br><\/li>\n\n\n\n<li><a href=\"https:\/\/gruene-ratsfraktion-hildesheim.de\/wp-content\/uploads\/2024\/08\/Gruppe-Antrag-Sachstand-IVEP-und-Bewertung-offene-Massnahmen-220223.pdf\">2023_02_22 Gruppenantrag Sachstand IVEP<\/a><br><\/li>\n\n\n\n<li><a href=\"https:\/\/gruene-ratsfraktion-hildesheim.de\/wp-content\/uploads\/2024\/08\/Gemeinsamer-Aenderungsantrag-Dammstrasse-Vorgehen-und-Beteiligung-der-Oeffentlichkeit-200223.pdf\">2023-02_20 Gem. \u00c4nderungsantrag Dammstra\u00dfe Vorgehen und Beteiligung der \u00d6ffentlichkeit<\/a><br><\/li>\n\n\n\n<li><a href=\"https:\/\/gruene-ratsfraktion-hildesheim.de\/wp-content\/uploads\/2024\/08\/Gruppe-Sachstand-zu-gefassten-HH-Beschluessen-aus-2022-110123.pdf\">2023_01_11 Gruppenantrag Sachstand gefasste HH-Beschl\u00fcsse<\/a><br><\/li>\n<\/ul>\n","protected":false},"excerpt":{"rendered":"","protected":false},"author":4,"featured_media":0,"parent":0,"menu_order":0,"comment_status":"closed","ping_status":"closed","template":"","meta":{"footnotes":""},"class_list":["post-13198","page","type-page","status-publish","hentry"],"_links":{"self":[{"href":"https:\/\/gruene-ratsfraktion-hildesheim.de\/index.php?rest_route=\/wp\/v2\/pages\/13198","targetHints":{"allow":["GET"]}}],"collection":[{"href":"https:\/\/gruene-ratsfraktion-hildesheim.de\/index.php?rest_route=\/wp\/v2\/pages"}],"about":[{"href":"https:\/\/gruene-ratsfraktion-hildesheim.de\/index.php?rest_route=\/wp\/v2\/types\/page"}],"author":[{"embeddable":true,"href":"https:\/\/gruene-ratsfraktion-hildesheim.de\/index.php?rest_route=\/wp\/v2\/users\/4"}],"replies":[{"embeddable":true,"href":"https:\/\/gruene-ratsfraktion-hildesheim.de\/index.php?rest_route=%2Fwp%2Fv2%2Fcomments&post=13198"}],"version-history":[{"count":36,"href":"https:\/\/gruene-ratsfraktion-hildesheim.de\/index.php?rest_route=\/wp\/v2\/pages\/13198\/revisions"}],"predecessor-version":[{"id":13341,"href":"https:\/\/gruene-ratsfraktion-hildesheim.de\/index.php?rest_route=\/wp\/v2\/pages\/13198\/revisions\/13341"}],"wp:attachment":[{"href":"https:\/\/gruene-ratsfraktion-hildesheim.de\/index.php?rest_route=%2Fwp%2Fv2%2Fmedia&parent=13198"}],"curies":[{"name":"wp","href":"https:\/\/api.w.org\/{rel}","templated":true}]}}