{"id":13343,"date":"2024-08-22T13:54:26","date_gmt":"2024-08-22T11:54:26","guid":{"rendered":"https:\/\/gruene-ratsfraktion-hildesheim.de\/?page_id=13343"},"modified":"2025-01-20T13:06:05","modified_gmt":"2025-01-20T11:06:05","slug":"antragsdokumente-2024","status":"publish","type":"page","link":"https:\/\/gruene-ratsfraktion-hildesheim.de\/?page_id=13343","title":{"rendered":"Antragsdokumente 2024"},"content":{"rendered":"\t\t<div data-elementor-type=\"wp-page\" data-elementor-id=\"13343\" class=\"elementor elementor-13343\">\n\t\t\t\t<div class=\"elementor-element elementor-element-31fe98e9 e-flex e-con-boxed e-con e-parent\" data-id=\"31fe98e9\" data-element_type=\"container\">\n\t\t\t\t\t<div class=\"e-con-inner\">\n\t\t\t\t<div class=\"elementor-element elementor-element-6dda8023 elementor-widget elementor-widget-text-editor\" data-id=\"6dda8023\" data-element_type=\"widget\" data-widget_type=\"text-editor.default\">\n\t\t\t\t<div class=\"elementor-widget-container\">\n\t\t\t\t\t\t\t<!-- wp:list -->\n<ul class=\"wp-block-list\"><!-- wp:list-item -->\n<li><a href=\"https:\/\/gruene-ratsfraktion-hildesheim.de\/wp-content\/uploads\/2025\/01\/2024_12_13-Gemeinsamer-Aenderungsantrag-zum-Haushalt-1.pdf\">2024_12_13 Gemeinsamer \u00c4nderungsantrag zum Haushalt<\/a><\/li>\n<li><a href=\"https:\/\/gruene-ratsfraktion-hildesheim.de\/wp-content\/uploads\/2025\/01\/2024_12_13-Aenderungsantrag-Gruppe-und-Linke-zum-Stellenplan.pdf\">2024_12_13 \u00c4nderungsantrag Mehrheitsgruppe und Linke zum Stellenplan<\/a><\/li>\n<li><a href=\"https:\/\/gruene-ratsfraktion-hildesheim.de\/wp-content\/uploads\/2025\/01\/2024_12_13-Aenderungsantrag-Gruppe-und-Linke-zum-Haushalt.pdf\">2024_12_13 \u00c4nderungsantrag Mehrheitsgruppe und Linke zum Haushalt<\/a><\/li>\n<li><a href=\"https:\/\/gruene-ratsfraktion-hildesheim.de\/wp-content\/uploads\/2025\/01\/2024_12_13-Aenderungsantrag-Gruene-und-Linke-zum-Haushalt.pdf\">2024_12_13 \u00c4nderungsantrag Gr\u00fcne und Linke zum Haushalt<\/a><\/li>\n<li><a href=\"https:\/\/gruene-ratsfraktion-hildesheim.de\/wp-content\/uploads\/2025\/01\/2024_12_10-Gruppenaenderungsantrag-verwaltungsweite-Aufgabenkritik.pdf\">2024_12_10 Gruppen\u00e4nderungsantrag verwaltungsweite Aufgabenkritik<\/a><\/li>\n<li><a href=\"https:\/\/gruene-ratsfraktion-hildesheim.de\/wp-content\/uploads\/2025\/01\/2024_11_29-Sachstand-Einfuehrung-Zweckentfremdungssatzung.pdf\">2024_11_29 gemeinsamer Antrag Sachstand Zweckentfremdungssatzung<\/a><\/li>\n<li><a href=\"https:\/\/gruene-ratsfraktion-hildesheim.de\/wp-content\/uploads\/2025\/01\/2024_11_12-Gruppenaenderungsantrag-RPM-sicherheitstechnischer-Umbau.pdf\">2024_11_12 Gruppen\u00e4nderungsantrag RPM sicherheitstechnischer Umbau<\/a><\/li>\n<li><a href=\"https:\/\/gruene-ratsfraktion-hildesheim.de\/wp-content\/uploads\/2025\/01\/2024_11_07-Gemeinsamer-Antrag-Erschliessung-Rosenhang.pdf\">2024_11_07 Gemeinsamer Antrag Erschlie\u00dfung Rosenhang<\/a><\/li>\n<li><a href=\"https:\/\/gruene-ratsfraktion-hildesheim.de\/wp-content\/uploads\/2025\/01\/2024_10_28-Gruppenantrag-Bericht-der-Gleichstellungsbeauftragten.pdf\">2024_10_28 Gruppenantrag Bericht der Gleichstellungsbeauftragten<\/a><\/li>\n<li><a href=\"https:\/\/gruene-ratsfraktion-hildesheim.de\/wp-content\/uploads\/2025\/01\/2024_09_16-Gemeinsamer-Antrag-Smart-City-PULS.pdf\">2024_09_16 Gemeinsamer Antrag Smart City &#8211; PULS<\/a><\/li>\n<li><a href=\"https:\/\/gruene-ratsfraktion-hildesheim.de\/wp-content\/uploads\/2025\/01\/2024_09_16-Gemeinsamer-Antrag-Smart-City-Gut-Steuerwald.pdf\">2024_09_16 Gemeinsamer Antrag Smart City- Gut Steuerwald<\/a><\/li>\n<li><a href=\"https:\/\/gruene-ratsfraktion-hildesheim.de\/wp-content\/uploads\/2025\/01\/2024_09_15-Gemeinsamer-Antrag-GS-Achtum-weitere-Planungsvarianten.pdf\">2024_09_15 Gemeinsamer Antrag GS Achtum &#8211; weitere Planungsvarianten<\/a><\/li>\n<li><a href=\"https:\/\/gruene-ratsfraktion-hildesheim.de\/wp-content\/uploads\/2025\/01\/2024_09_15-Ergaenzungsantrag-Gruppe-Bewohnerparkgebuehren.pdf\">2024_09_15 Erg\u00e4nzungsantrag Gruppe Bewohnerparken<\/a><\/li>\n<li><a href=\"https:\/\/gruene-ratsfraktion-hildesheim.de\/wp-content\/uploads\/2025\/01\/2024_06_17-Antrag-Gruppe-und-Linke-Wege-ins-Bleiberecht.pdf\">2024_06_17 Antrag Gruppe und Linke Wege ins Bleiberecht<\/a><\/li>\n<li><a href=\"https:\/\/gruene-ratsfraktion-hildesheim.de\/wp-content\/uploads\/2025\/01\/2024_06_13-Gemeinsamer-Aenderungsantrag-Fortschreibung-Nahverkehrsplan.pdf\">2024_06_13 Gemeinsamer \u00c4nderungsantrag Nahverkehrsplan<\/a><\/li>\n<li><a href=\"https:\/\/gruene-ratsfraktion-hildesheim.de\/wp-content\/uploads\/2025\/01\/2024_06_10-Aenderungsantrag-Investitionsfonds-Bildung-und-Soziales.pdf\">2024_06_10 Gruppen\u00e4nderungsantrag investive Ma\u00dfnahmen Bildung und Soziales<\/a><\/li>\n<li><a href=\"https:\/\/gruene-ratsfraktion-hildesheim.de\/wp-content\/uploads\/2025\/01\/2024_05_24-Gruppenantrag-Berufsschulen.pdf\">2024_05_24 Gruppenantrag Berufsschulen<\/a><\/li>\n<li><a href=\"https:\/\/gruene-ratsfraktion-hildesheim.de\/wp-content\/uploads\/2025\/01\/2024_05_23-Gruppenantrag-Sachstand-Zweckentfremdungssatzung.pdf\">2024_05_23 Gruppenantrag Sachstand Zweckentfremdungssatzung<\/a><\/li>\n<li><a href=\"https:\/\/gruene-ratsfraktion-hildesheim.de\/wp-content\/uploads\/2025\/01\/2024_05_16-Gruppenantrag-Foerderung-der-Musikschule-Hildesheim.pdf\">2024_05_16 Gruppenantrag F\u00f6rderung der Musikschule<\/a><\/li>\n<li><a href=\"https:\/\/gruene-ratsfraktion-hildesheim.de\/wp-content\/uploads\/2025\/01\/2024_04_26-Gemeinsamer-Antrag-weitere-Planungsvarianten-GS-Achtum.pdf\">2024_04_26 Gemeinsamer Antrag weitere Plaungsvarianten GS Achtum<\/a><\/li>\n<li><a href=\"https:\/\/gruene-ratsfraktion-hildesheim.de\/wp-content\/uploads\/2025\/01\/2024_02_05-Gruppenantrag-Pruefauftrag-Einbahnstrasse-oestlich-der-Uni.pdf\">2024_05_02 Gruppenantrag Pr\u00fcfung Einbahnstra\u00dfenregelung \u00f6stlich der Uni<\/a><\/li>\n<li><a href=\"https:\/\/gruene-ratsfraktion-hildesheim.de\/wp-content\/uploads\/2025\/01\/2024_01_18-Gruppenantrag-Sachstandsbericht-Hochwasserschutz.pdf\">2024_01_18 Gruppenantrag Sachstand Hochwasser<\/a><\/li>\n<li><a href=\"https:\/\/gruene-ratsfraktion-hildesheim.de\/wp-content\/uploads\/2025\/01\/2024_01_17-Gruppenantrag-Sachstandsbericht-Gymnasium-Andreanum.pdf\">2024_01_17 Gruppenantrag Sachstand Andreanum<\/a><\/li>\n<li><a href=\"https:\/\/gruene-ratsfraktion-hildesheim.de\/wp-content\/uploads\/2025\/01\/2024_01_17-Gruppenantrag-Sachstand-GS-Achtum-1.pdf\">2024_01_17 Gruppenantrag Sachstand Grundschule Achtum<\/a><\/li>\n<li><a href=\"https:\/\/gruene-ratsfraktion-hildesheim.de\/wp-content\/uploads\/2025\/01\/2024_01_11-Gruppenantrag-Sachstand-Hochwasserschutz-1.pdf\">2024_01_11 Gruppenantrag Sachstand Hochwasserschutz<\/a><\/li>\n<!-- \/wp:list-item --><\/ul>\n<p>\u00a0<\/p>\n<!-- \/wp:list -->\t\t\t\t\t\t<\/div>\n\t\t\t\t<\/div>\n\t\t\t\t\t<\/div>\n\t\t\t\t<\/div>\n\t\t\t\t<\/div>\n\t\t","protected":false},"excerpt":{"rendered":"","protected":false},"author":3,"featured_media":0,"parent":0,"menu_order":0,"comment_status":"closed","ping_status":"closed","template":"","meta":{"footnotes":""},"class_list":["post-13343","page","type-page","status-publish","hentry"],"_links":{"self":[{"href":"https:\/\/gruene-ratsfraktion-hildesheim.de\/index.php?rest_route=\/wp\/v2\/pages\/13343","targetHints":{"allow":["GET"]}}],"collection":[{"href":"https:\/\/gruene-ratsfraktion-hildesheim.de\/index.php?rest_route=\/wp\/v2\/pages"}],"about":[{"href":"https:\/\/gruene-ratsfraktion-hildesheim.de\/index.php?rest_route=\/wp\/v2\/types\/page"}],"author":[{"embeddable":true,"href":"https:\/\/gruene-ratsfraktion-hildesheim.de\/index.php?rest_route=\/wp\/v2\/users\/3"}],"replies":[{"embeddable":true,"href":"https:\/\/gruene-ratsfraktion-hildesheim.de\/index.php?rest_route=%2Fwp%2Fv2%2Fcomments&post=13343"}],"version-history":[{"count":112,"href":"https:\/\/gruene-ratsfraktion-hildesheim.de\/index.php?rest_route=\/wp\/v2\/pages\/13343\/revisions"}],"predecessor-version":[{"id":13705,"href":"https:\/\/gruene-ratsfraktion-hildesheim.de\/index.php?rest_route=\/wp\/v2\/pages\/13343\/revisions\/13705"}],"wp:attachment":[{"href":"https:\/\/gruene-ratsfraktion-hildesheim.de\/index.php?rest_route=%2Fwp%2Fv2%2Fmedia&parent=13343"}],"curies":[{"name":"wp","href":"https:\/\/api.w.org\/{rel}","templated":true}]}}