{"id":1907,"date":"2014-12-28T20:06:50","date_gmt":"2014-12-28T18:06:50","guid":{"rendered":"http:\/\/gruene-ratsfraktion-hildesheim.de\/?page_id=1907"},"modified":"2021-11-04T21:59:07","modified_gmt":"2021-11-04T19:59:07","slug":"antragsdokumente-2015","status":"publish","type":"page","link":"https:\/\/gruene-ratsfraktion-hildesheim.de\/?page_id=1907","title":{"rendered":"Antragsdokumente 2015"},"content":{"rendered":"<ul>\n<li><a href=\"https:\/\/gruene-ratsfraktion-hildesheim.de\/wp-content\/uploads\/2016\/02\/2015_12_18-\u00c4nderungsantrag-Investive-Ma\u00dfnahmen-nichtorganisierter-Sport.pdf\">151218 Gruppenantrag \u00c4nderungsantrag Investive Ma\u00dfnahmen nichtorganiserter Sport (pdf)<\/a><\/li>\n<li><a href=\"https:\/\/gruene-ratsfraktion-hildesheim.de\/wp-content\/uploads\/2016\/02\/2015_12_18-\u00c4nderungsantrag-Finanzierung-Kitas-in-freier-Tr\u00e4gerschaft.pdf\">151218 Gruppenantrag \u00c4nderungantrag Finanzierung Kindertagesst\u00e4tten in freier Tr\u00e4gerschaft (pdf)<\/a><\/li>\n<li><a href=\"https:\/\/gruene-ratsfraktion-hildesheim.de\/wp-content\/uploads\/2016\/02\/2015_12_08-Erg\u00e4nzungsantrag-Wohnraumversorgungskonzept.pdf\">151208 Gruppenantrag Erg\u00e4nzungsantrag Wohnraumversorgungskonzept (pdf)<\/a><\/li>\n<li><a href=\"https:\/\/gruene-ratsfraktion-hildesheim.de\/wp-content\/uploads\/2016\/02\/2015_12_01-Verwendung-Mittel-Radwegebau-2015.pdf\">151201 Gruppenantrag Verwendung Mittel im Radwegebau (pdf)<\/a><\/li>\n<li><a href=\"https:\/\/gruene-ratsfraktion-hildesheim.de\/wp-content\/uploads\/2016\/02\/2015_12_01-Erg\u00e4nzungsantrag-Klimaschutzagentur.pdf\">151201 gemeinsamer Fraktionsantrag Erg\u00e4nzungsantrag Klimaschutzagentur (pdf)<\/a><\/li>\n<li><a href=\"https:\/\/gruene-ratsfraktion-hildesheim.de\/wp-content\/uploads\/2016\/02\/2015_11_27-\u00c4nderungsantrag-Bahn\u00fcbergang-Oststadt.pdf\">151127 Gruppenantrag \u00c4nderungsantrag zum Bahn\u00fcbergang Oststadt (pdf)<\/a><\/li>\n<li><a href=\"https:\/\/gruene-ratsfraktion-hildesheim.de\/wp-content\/uploads\/2016\/02\/2015_10_29-Verwendung-Mittel-Radwegebau.pdf\">151029 Gruppenantrag Verwendung Mittel im Radwegebau (pdf)<\/a><\/li>\n<li><a href=\"https:\/\/gruene-ratsfraktion-hildesheim.de\/wp-content\/uploads\/2015\/02\/2015_-10_02-Verwahrloste-Immobilien-in-der-Stadt-Hildesheim-021015.pdf\">151002 Gruppenantrag Verwahrloste Immobilien (pdf)<\/a><\/li>\n<li><a href=\"https:\/\/gruene-ratsfraktion-hildesheim.de\/wp-content\/uploads\/2015\/02\/2015_09_25-Umbesetzung-Aussch\u00fcsse-und-Gremien-250915.pdf\">150925 Gruppenantrag Umbesetzung Aussch\u00fcsse und Gremien (pdf)<\/a><\/li>\n<li><a href=\"https:\/\/gruene-ratsfraktion-hildesheim.de\/wp-content\/uploads\/2015\/02\/2015_09_25-Umbau-Bernwardstra\u00dfe-Kultur-Dialog-250915.pdf\">150925 gemeinsamer Antrag Umbau Bernwardstra\u00dfe Kultur Dialog (pdf)<\/a><\/li>\n<li><a href=\"https:\/\/gruene-ratsfraktion-hildesheim.de\/wp-content\/uploads\/2015\/02\/2015_09_24-Sachstand-Wettbewerb-Zukunftsstadt-240915.pdf\">150924 Gruppenantrag Sachstand Wettbewerb Zukunftsstadt (pdf)<\/a><\/li>\n<li><a href=\"https:\/\/gruene-ratsfraktion-hildesheim.de\/wp-content\/uploads\/2015\/02\/2015_09_24-Sachstand-Selbstbuchungssystem-240915.pdf\">150924 Gruppenantrag Sachstand Selbstbuchungssystem (pdf)<\/a><\/li>\n<li><a href=\"https:\/\/gruene-ratsfraktion-hildesheim.de\/wp-content\/uploads\/2015\/02\/2015_09_24-Sachstand-Magazin-RPM.pdf\">150924 Gruppenantrag Sachstand Magazin RPM (pdf)<\/a><\/li>\n<li><a href=\"https:\/\/gruene-ratsfraktion-hildesheim.de\/wp-content\/uploads\/2015\/02\/2015_09_24-Sachstand-Demographie-Konzept-240915.pdf\">150924 Gruppenantrag Sachstand Demographie Konzept (pdf)<\/a><\/li>\n<li><a href=\"https:\/\/gruene-ratsfraktion-hildesheim.de\/wp-content\/uploads\/2015\/02\/2015_09_18-Verkn\u00fcpung-Tagesordnung-aus-Allris-mit-Social-Media-180915.pdf\">150918 Gruppenantrag Verkn\u00fcpfung Tagesordnung Allris mit Social Media (pdf)<\/a><\/li>\n<li><a href=\"https:\/\/gruene-ratsfraktion-hildesheim.de\/wp-content\/uploads\/2015\/02\/205_08_28-Resolution-Entwicklung-Standortes-Robert-Bosch-GmbH.pdf\">150828 gemeinsamer Antrag Resolution Entwiclung Standort Robert Bosch GmbH (pdf)<\/a><\/li>\n<li><a href=\"https:\/\/gruene-ratsfraktion-hildesheim.de\/wp-content\/uploads\/2015\/02\/205_08_26-Sachstand-Mackensen-Gel\u00e4nde-260815.pdf\">150826 Fraktionsantrag Sachstand Mackensen Gel\u00e4nde (pdf)<\/a><\/li>\n<li><a href=\"https:\/\/gruene-ratsfraktion-hildesheim.de\/wp-content\/uploads\/2015\/02\/2015_07_06-Erg\u00e4nzungsantrag-zum-Nachtragshaushalt.pdf\">150706 Gruppenantrag zum Nachtragshaushalt (pdf)<\/a><\/li>\n<li><a href=\"https:\/\/gruene-ratsfraktion-hildesheim.de\/wp-content\/uploads\/2015\/02\/2015_06_29-Erg\u00e4nungsantrag-II-F\u00f6rderung-vereinsungebundener-Sport-2906151.pdf\">150629 Gruppenantrag Vereinsungebundener Sport (pdf)<\/a><\/li>\n<li><a href=\"https:\/\/gruene-ratsfraktion-hildesheim.de\/wp-content\/uploads\/2015\/06\/2015_06_05-Mietspiegel-f\u00fcr-Hildesheim.pdf\">150605 Gruppenantrag Mietspiegel f\u00fcr Hildesheim (pdf)<\/a><\/li>\n<li><a href=\"https:\/\/gruene-ratsfraktion-hildesheim.de\/wp-content\/uploads\/2015\/06\/2015_05_29-Umsetzung-HH-Beschl\u00fcsse-Stadtentwicklung.pdf\">150529 Gruppenantrag Umsetzung HH-Beschl\u00fcsse Stadtentwicklung (pdf)<\/a><\/li>\n<li><a href=\"https:\/\/gruene-ratsfraktion-hildesheim.de\/wp-content\/uploads\/2015\/06\/2015_05_07-F\u00f6rderung-vereinsungebundener-Sport.pdf\">150507 Gruppenantrag F\u00f6rderung vereinsungebundener Sport (pdf)<\/a><\/li>\n<li><a href=\"https:\/\/gruene-ratsfraktion-hildesheim.de\/wp-content\/uploads\/2015\/05\/2015_05_05-Ausbau-VfV-Stadtion.pdf\">150505 gemeinsamer Antrag Ausbau VfV-Stadion (pdf)<\/a><\/li>\n<li><a href=\"https:\/\/gruene-ratsfraktion-hildesheim.de\/wp-content\/uploads\/2015\/05\/2015_04_24-Sachstand-Umsetzung-IVEP-Struckmannstra\u00dfe-Hohnsen.pdf\">150424 Fraktionsantrag Sachstand Umsetzung IVEP Struckmannstra\u00dfe &#8211; Hohnsen (pdf)<\/a><\/li>\n<li><a href=\"https:\/\/gruene-ratsfraktion-hildesheim.de\/wp-content\/uploads\/2015\/05\/2015_04_24-Sachstand-Innenstadtring.pdf\">150424 Fraktionsantrag Sachstand Innenstadtring (pdf)<\/a><\/li>\n<li><a href=\"https:\/\/gruene-ratsfraktion-hildesheim.de\/wp-content\/uploads\/2015\/05\/2015_04_24-Sachstandsanfrage-Ausgleichsfl\u00e4chen.pdf\">150424 Fraktionsantrag Sachstandsanfrage Ausgleichsfl\u00e4chen (pdf)<\/a><\/li>\n<li><a href=\"https:\/\/gruene-ratsfraktion-hildesheim.de\/wp-content\/uploads\/2015\/05\/2015_04_23-Erweiterung-der-TO-st\u00e4ndiger-TOP-im-FRiA.pdf\">150423 Gruppenantrag Erweiterung der TO st\u00e4ndiger TOP im FRiA (pdf)<\/a><\/li>\n<li><a href=\"https:\/\/gruene-ratsfraktion-hildesheim.de\/wp-content\/uploads\/2015\/05\/2015_04_13-Neuaufstellung-Briefkasten-f\u00fcr-Autofahrer.pdf\">150413 Gruppenantrag Neuaufstellung Briefkasten f\u00fcr Autofahrer (pdf)<\/a><\/li>\n<li><a href=\"https:\/\/gruene-ratsfraktion-hildesheim.de\/wp-content\/uploads\/2015\/05\/2015_03_24-Vorstellung-Welcome-Center.pdf\">150324 Gruppenantrag Vorstellung Welcome Center (pdf)<\/a><\/li>\n<li><a href=\"https:\/\/gruene-ratsfraktion-hildesheim.de\/wp-content\/uploads\/2015\/05\/2015_03_24-Sachstandsbericht-SchulbegleiterInnen.pdf\">150324 Gruppenantrag Sachstandsbericht SchulbegleiterInnen (pdf)<\/a><\/li>\n<li><a href=\"https:\/\/gruene-ratsfraktion-hildesheim.de\/wp-content\/uploads\/2015\/05\/2015_03_24-Vorstellung-Kulturinklusiv.pdf\">150324 Gruppenantrag Vorstellung Kulturinklusiv (pdf)<\/a><\/li>\n<li><a href=\"https:\/\/gruene-ratsfraktion-hildesheim.de\/wp-content\/uploads\/2015\/05\/2015_03_24-Sachstandsbericht-GS-Hohnsen-und-Pfaffenstieg.pdf\">150324 Gruppenantrag Sachstandsbericht GS Hohnsen und GS Pfaffenstieg (pdf)<\/a><\/li>\n<li><a href=\"https:\/\/gruene-ratsfraktion-hildesheim.de\/wp-content\/uploads\/2015\/05\/2015_03_24-Sachstandsbericht-Geb\u00e4ude-GS-Nord.pdf\">150324 Gruppenantrag Sachstandsbericht zur Geb\u00e4udesituation GS Nord (pdf)<\/a><\/li>\n<li><a href=\"https:\/\/gruene-ratsfraktion-hildesheim.de\/wp-content\/uploads\/2015\/03\/15_02_19-Sachstand-Kommunales-Wohnraumversorgungskonzept.pdf\">150219 Gruppenantrag Sachstand Kommunales Wohnraumversorgungskonzept (pdf)<\/a><\/li>\n<li><a href=\"https:\/\/gruene-ratsfraktion-hildesheim.de\/wp-content\/uploads\/2015\/03\/15_02_19-Sachstand-Skateranlage-Steingrube.pdf\">150219 Gruppenantrag Sachstand Skateranlage Steingrube (pdf)<\/a><\/li>\n<li><a href=\"https:\/\/gruene-ratsfraktion-hildesheim.de\/wp-content\/uploads\/2015\/03\/15_02_19-Sommerferienbetreuung-an-Schulen-und-Kitas.pdf\">150219 Gruppenantrag Sommerferienbetreuung an Schulen und Kitas (pdf)<\/a><\/li>\n<li><a href=\"https:\/\/gruene-ratsfraktion-hildesheim.de\/wp-content\/uploads\/2015\/03\/15_02_19-Statistik-Jugendarbeitslosigkeit.pdf\">150219 Gruppenantrag Statistik Jugendarbeitslosigkeit (pdf)<\/a><\/li>\n<li><a href=\"https:\/\/gruene-ratsfraktion-hildesheim.de\/wp-content\/uploads\/2015\/02\/15_01_26-\u00dcberarbeitung-GO-Zweckverband-Bockfeld.pdf\">150126 Gruppenantrag \u00dcberarbeitung GO F\u00f6rderzentrum Bockfeld (pdf)<\/a><\/li>\n<li><a href=\"https:\/\/gruene-ratsfraktion-hildesheim.de\/wp-content\/uploads\/2015\/02\/15_01_14-Sachstand-Schulen-Eine-Welt.pdf\">150114 Gruppenantrag Sachstand Eine-Welt-Arbeit an Schulen (pdf)<\/a><\/li>\n<\/ul>\n","protected":false},"excerpt":{"rendered":"<p>151218 Gruppenantrag \u00c4nderungsantrag Investive Ma\u00dfnahmen nichtorganiserter Sport (pdf) 151218 Gruppenantrag \u00c4nderungantrag Finanzierung Kindertagesst\u00e4tten in freier Tr\u00e4gerschaft (pdf) 151208 Gruppenantrag Erg\u00e4nzungsantrag Wohnraumversorgungskonzept (pdf) 151201 Gruppenantrag Verwendung Mittel im Radwegebau (pdf) 151201&#8230; <\/p>\n","protected":false},"author":1,"featured_media":0,"parent":12794,"menu_order":0,"comment_status":"closed","ping_status":"closed","template":"","meta":{"footnotes":""},"class_list":["post-1907","page","type-page","status-publish","hentry"],"_links":{"self":[{"href":"https:\/\/gruene-ratsfraktion-hildesheim.de\/index.php?rest_route=\/wp\/v2\/pages\/1907","targetHints":{"allow":["GET"]}}],"collection":[{"href":"https:\/\/gruene-ratsfraktion-hildesheim.de\/index.php?rest_route=\/wp\/v2\/pages"}],"about":[{"href":"https:\/\/gruene-ratsfraktion-hildesheim.de\/index.php?rest_route=\/wp\/v2\/types\/page"}],"author":[{"embeddable":true,"href":"https:\/\/gruene-ratsfraktion-hildesheim.de\/index.php?rest_route=\/wp\/v2\/users\/1"}],"replies":[{"embeddable":true,"href":"https:\/\/gruene-ratsfraktion-hildesheim.de\/index.php?rest_route=%2Fwp%2Fv2%2Fcomments&post=1907"}],"version-history":[{"count":84,"href":"https:\/\/gruene-ratsfraktion-hildesheim.de\/index.php?rest_route=\/wp\/v2\/pages\/1907\/revisions"}],"predecessor-version":[{"id":2676,"href":"https:\/\/gruene-ratsfraktion-hildesheim.de\/index.php?rest_route=\/wp\/v2\/pages\/1907\/revisions\/2676"}],"up":[{"embeddable":true,"href":"https:\/\/gruene-ratsfraktion-hildesheim.de\/index.php?rest_route=\/wp\/v2\/pages\/12794"}],"wp:attachment":[{"href":"https:\/\/gruene-ratsfraktion-hildesheim.de\/index.php?rest_route=%2Fwp%2Fv2%2Fmedia&parent=1907"}],"curies":[{"name":"wp","href":"https:\/\/api.w.org\/{rel}","templated":true}]}}