{"id":2357,"date":"2016-02-17T17:54:40","date_gmt":"2016-02-17T15:54:40","guid":{"rendered":"http:\/\/gruene-ratsfraktion-hildesheim.de\/?page_id=2357"},"modified":"2021-11-04T21:59:19","modified_gmt":"2021-11-04T19:59:19","slug":"antragsdokumente-2016","status":"publish","type":"page","link":"https:\/\/gruene-ratsfraktion-hildesheim.de\/?page_id=2357","title":{"rendered":"Antragsdokumente 2016"},"content":{"rendered":"<p>&nbsp;<\/p>\n<ul>\n<li><a href=\"https:\/\/gruene-ratsfraktion-hildesheim.de\/wp-content\/uploads\/2018\/06\/95ce663c7533cc199a174b1bb116b8e7.pdf\">161219 gemeinsamer \u00c4nderungsantrag zur Entsch\u00e4digungssatzung f\u00fcr Ratsmitglieder<\/a><\/li>\n<li><a href=\"https:\/\/gruene-ratsfraktion-hildesheim.de\/wp-content\/uploads\/2018\/06\/593e1f97265a7e982a756b2db1d3dccc.pdf\">161219 Fraktionsantrag Nachschulische Betreuung Grundschule Moritzberg<\/a><\/li>\n<li><a href=\"https:\/\/gruene-ratsfraktion-hildesheim.de\/wp-content\/uploads\/2018\/06\/2016_11_21-Sachstand-Umsetzung-Wohnraumversorgungskonzept.pdf\">161121 Fraktionsantrag Sachstand Wohnraumversorgungskonzept<\/a><\/li>\n<li><a href=\"https:\/\/gruene-ratsfraktion-hildesheim.de\/wp-content\/uploads\/2016\/05\/2016_05_20-Verh\u00fctungsfonds.pdf\">160520 Gruppenantrag Verh\u00fctungsfonds<\/a><\/li>\n<li><a href=\"https:\/\/gruene-ratsfraktion-hildesheim.de\/wp-content\/uploads\/2016\/05\/2016_05_20-Inklusion-in-Kitas-und-Horten.pdf\">160520 Gruppenantrag Inklusion in Kitas und Horten<\/a><\/li>\n<li><a href=\"https:\/\/gruene-ratsfraktion-hildesheim.de\/wp-content\/uploads\/2016\/05\/2016_05_13-Sachstandsbericht-Kulturkompass.pdf\">160513 Gruppenantrag Sachstandsbericht Kulturkompass<\/a><\/li>\n<li><a href=\"https:\/\/gruene-ratsfraktion-hildesheim.de\/wp-content\/uploads\/2016\/05\/2016_05_13-Sachstandsbericht-Bewerbung-Kulturhauptstadt.pdf\">160513 Gruppenantrag Sachstandsbericht Bewerbung Kulturhauptstadt<\/a><\/li>\n<li><a href=\"https:\/\/gruene-ratsfraktion-hildesheim.de\/wp-content\/uploads\/2016\/05\/2016_04_12-Sachstandsbericht-Jugendforum.pdf\">160412 Gruppenantrag Sachstandsbericht Jugendforum<\/a><\/li>\n<li><a href=\"https:\/\/gruene-ratsfraktion-hildesheim.de\/wp-content\/uploads\/2016\/05\/2016_02_25-Sachstand-Umsetzung-IVEP-Struckmannstra\u00dfe-Hohnsen.pdf\">160225 Fraktionsantrag Sachstand Umsetzung IVEP Struckmannstra\u00dfe-Hohnsen<\/a><\/li>\n<li><a href=\"https:\/\/gruene-ratsfraktion-hildesheim.de\/wp-content\/uploads\/2016\/05\/160218-Ablehnung-der-st\u00e4dtischen-Fl\u00e4chenvergabe-an-Zirkusbetriebe-mit-Wildtieren.pdf\">160218 Gruppenantrag Ablehnung der st\u00e4dtischen Fl\u00e4chenvergabe an Zirkusbetriebe mit Wildtieren<\/a><\/li>\n<li><a href=\"https:\/\/gruene-ratsfraktion-hildesheim.de\/wp-content\/uploads\/2016\/05\/2016_02_16-Sachstandsbericht-Informationsfreiheitssatzung.pdf\">160216 Gruppenantrag Sachstand Informationsfreiheitssatzung<\/a><\/li>\n<li><a href=\"https:\/\/gruene-ratsfraktion-hildesheim.de\/wp-content\/uploads\/2016\/02\/2016_02_12-\u00c4nderungsantrag-zum-Haushalt-2016-2017.pdf\">160212 gemeinsamer Antrag \u00c4nderungen zum Haushalt 2016\/2017<\/a><\/li>\n<li><a href=\"https:\/\/gruene-ratsfraktion-hildesheim.de\/wp-content\/uploads\/2016\/02\/2016_02_12AenderungslistealleFraktionenundGrup.pdf\">160212 \u00c4nderungsliste zum Haushalt alle Fraktionen<\/a><\/li>\n<li><a href=\"https:\/\/gruene-ratsfraktion-hildesheim.de\/wp-content\/uploads\/2016\/02\/2016_01_22-Sachstandsanfrage-Umzug-Feldbahnmuseum.pdf\">160122 Fraktionsantrag Sachstandsanfrage Umzug Feldbahnmuseum<\/a><\/li>\n<li><a href=\"https:\/\/gruene-ratsfraktion-hildesheim.de\/wp-content\/uploads\/2016\/02\/2016_01_22-Fernbus-Haltestellen-auf-ZOB-verlegen.pdf\">160122 Fraktionsantrag Fernbus-Haltestelle auf ZOB verlegen<\/a><\/li>\n<li><a href=\"https:\/\/gruene-ratsfraktion-hildesheim.de\/wp-content\/uploads\/2016\/02\/2016_01_15-Sachstandsbericht-\u00fcber-Zusch\u00fcsse-an-soziale-Einrichtungen.pdf\">160115 Gruppenantrag Sachstand Zusch\u00fcsse an soziale Einrichtungen<\/a><\/li>\n<li><a href=\"https:\/\/gruene-ratsfraktion-hildesheim.de\/wp-content\/uploads\/2016\/02\/2016_01_15-Sachstandsbericht-Kita-Entwicklung.pdf\">160115 Gruppenantrag Sachstandsbericht Kita-Entwicklung<\/a><\/li>\n<li><a href=\"https:\/\/gruene-ratsfraktion-hildesheim.de\/wp-content\/uploads\/2016\/02\/2016_01_15-Bericht-zur-aktuellen-Fl\u00fcchtlingssituation.pdf\">160115 Gruppenantrag Bericht zur aktuellen Fl\u00fcchtlingssituation<\/a><\/li>\n<\/ul>\n<p>&nbsp;<\/p>\n","protected":false},"excerpt":{"rendered":"<p>&nbsp; 161219 gemeinsamer \u00c4nderungsantrag zur Entsch\u00e4digungssatzung f\u00fcr Ratsmitglieder 161219 Fraktionsantrag Nachschulische Betreuung Grundschule Moritzberg 161121 Fraktionsantrag Sachstand Wohnraumversorgungskonzept 160520 Gruppenantrag Verh\u00fctungsfonds 160520 Gruppenantrag Inklusion in Kitas und Horten 160513 Gruppenantrag&#8230; <\/p>\n","protected":false},"author":1,"featured_media":0,"parent":12794,"menu_order":0,"comment_status":"closed","ping_status":"closed","template":"","meta":{"footnotes":""},"class_list":["post-2357","page","type-page","status-publish","hentry"],"_links":{"self":[{"href":"https:\/\/gruene-ratsfraktion-hildesheim.de\/index.php?rest_route=\/wp\/v2\/pages\/2357","targetHints":{"allow":["GET"]}}],"collection":[{"href":"https:\/\/gruene-ratsfraktion-hildesheim.de\/index.php?rest_route=\/wp\/v2\/pages"}],"about":[{"href":"https:\/\/gruene-ratsfraktion-hildesheim.de\/index.php?rest_route=\/wp\/v2\/types\/page"}],"author":[{"embeddable":true,"href":"https:\/\/gruene-ratsfraktion-hildesheim.de\/index.php?rest_route=\/wp\/v2\/users\/1"}],"replies":[{"embeddable":true,"href":"https:\/\/gruene-ratsfraktion-hildesheim.de\/index.php?rest_route=%2Fwp%2Fv2%2Fcomments&post=2357"}],"version-history":[{"count":43,"href":"https:\/\/gruene-ratsfraktion-hildesheim.de\/index.php?rest_route=\/wp\/v2\/pages\/2357\/revisions"}],"predecessor-version":[{"id":2969,"href":"https:\/\/gruene-ratsfraktion-hildesheim.de\/index.php?rest_route=\/wp\/v2\/pages\/2357\/revisions\/2969"}],"up":[{"embeddable":true,"href":"https:\/\/gruene-ratsfraktion-hildesheim.de\/index.php?rest_route=\/wp\/v2\/pages\/12794"}],"wp:attachment":[{"href":"https:\/\/gruene-ratsfraktion-hildesheim.de\/index.php?rest_route=%2Fwp%2Fv2%2Fmedia&parent=2357"}],"curies":[{"name":"wp","href":"https:\/\/api.w.org\/{rel}","templated":true}]}}