{"id":2670,"date":"2017-03-14T23:02:24","date_gmt":"2017-03-14T21:02:24","guid":{"rendered":"http:\/\/gruene-ratsfraktion-hildesheim.de\/?page_id=2670"},"modified":"2021-11-04T21:59:29","modified_gmt":"2021-11-04T19:59:29","slug":"antragsdokumente-2017","status":"publish","type":"page","link":"https:\/\/gruene-ratsfraktion-hildesheim.de\/?page_id=2670","title":{"rendered":"Antragsdokumente 2017-2018"},"content":{"rendered":"<ul>\n<li><a href=\"https:\/\/gruene-ratsfraktion-hildesheim.de\/wp-content\/uploads\/2019\/06\/2018_12_11-gemeinsamer-\u00c4nderungsantrag-Haushalt-2019-von-4-Fraktionen.pdf\">20181211 gemeinsamer \u00c4nderungsantrag zum Haushalt 2019 von 4 Fraktionen<\/a><\/li>\n<li><a href=\"https:\/\/gruene-ratsfraktion-hildesheim.de\/wp-content\/uploads\/2019\/06\/2018_12_11-gemeinsamer-\u00c4nderungsantrag-Haushalt-2019-von-3-Fraktionen.pdf\">20181211 gemeinsamer \u00c4nderungsantrag zum Haushalt 2019 von 3 Fraktionen<\/a><\/li>\n<li><a href=\"https:\/\/gruene-ratsfraktion-hildesheim.de\/wp-content\/uploads\/2019\/05\/165542ee1f32c576f35d69a5f75ef254.pdf\">20181207 gemeinsamer Erg\u00e4nzungsantrag Gesellschaftsgr\u00fcndung zur Kl\u00e4rschlammverwertung<\/a><\/li>\n<li><a href=\"https:\/\/gruene-ratsfraktion-hildesheim.de\/wp-content\/uploads\/2019\/05\/165542ee1f32c576f35d69a5f75ef254.pdf\">20181123 gemeinsamer Antrag Sachstand Bildung eines Ausgleichsfl\u00e4chenpools<\/a><\/li>\n<li><a href=\"https:\/\/gruene-ratsfraktion-hildesheim.de\/wp-content\/uploads\/2019\/05\/165542ee1f32c576f35d69a5f75ef254.pdf\">20181123 gemeinsamer Antrag Bildungsoffensive in Kitas<\/a><\/li>\n<li><a href=\"https:\/\/gruene-ratsfraktion-hildesheim.de\/wp-content\/uploads\/2019\/05\/165542ee1f32c576f35d69a5f75ef254.pdf\">20181123 Fraktionsantrag Sachstand Kurzstreckenticket<\/a><\/li>\n<li><a href=\"https:\/\/gruene-ratsfraktion-hildesheim.de\/wp-content\/uploads\/2019\/05\/165542ee1f32c576f35d69a5f75ef254.pdf\">20181116 gemeinsamer Antrag Einrichtung weiterer Betreuungspl\u00e4tze durch Elterninitiativen<\/a><\/li>\n<li><a href=\"https:\/\/gruene-ratsfraktion-hildesheim.de\/wp-content\/uploads\/2019\/05\/165542ee1f32c576f35d69a5f75ef254.pdf\">20181114 Fraktionsantrag Sachstand zum Siegel Fairtrade Town<\/a><\/li>\n<li><a href=\"https:\/\/gruene-ratsfraktion-hildesheim.de\/wp-content\/uploads\/2019\/05\/165542ee1f32c576f35d69a5f75ef254.pdf\">20181109 gemeinsamer \u00c4nderungsantrag Vergaberichtlinien Gro\u00dfer Kamp<\/a><\/li>\n<li><a href=\"https:\/\/gruene-ratsfraktion-hildesheim.de\/wp-content\/uploads\/2019\/05\/165542ee1f32c576f35d69a5f75ef254.pdf\">20180921 gemeinsamer Antrag Aktuelle Stunde Bezahlbaren Wohnraum schaffen<\/a><\/li>\n<li><a href=\"https:\/\/gruene-ratsfraktion-hildesheim.de\/wp-content\/uploads\/2019\/05\/165542ee1f32c576f35d69a5f75ef254.pdf\">20180827 gemeinsamer Antrag Verkehrssicherheit im Klingeltunnel<\/a><\/li>\n<li><a href=\"https:\/\/gruene-ratsfraktion-hildesheim.de\/wp-content\/uploads\/2019\/05\/165542ee1f32c576f35d69a5f75ef254.pdf\">20180827 gemeinsamer Antrag Sachstand Leerstandskataster<\/a><\/li>\n<li><a href=\"https:\/\/gruene-ratsfraktion-hildesheim.de\/wp-content\/uploads\/2019\/05\/165542ee1f32c576f35d69a5f75ef254.pdf\">20180827 gemeinsamer Antrag Innerste-Radweg<\/a><\/li>\n<li><a href=\"https:\/\/gruene-ratsfraktion-hildesheim.de\/wp-content\/uploads\/2019\/05\/165542ee1f32c576f35d69a5f75ef254.pdf\">20180827 Fraktionsantrag Umsetzung Regelung f\u00fcr Fu\u00dfg\u00e4ngerampeln<\/a><\/li>\n<li><a href=\"https:\/\/gruene-ratsfraktion-hildesheim.de\/wp-content\/uploads\/2019\/05\/165542ee1f32c576f35d69a5f75ef254.pdf\">20180817 gemeinsamer Antrag Resolution Seenotrettung<\/a><\/li>\n<li><a href=\"https:\/\/gruene-ratsfraktion-hildesheim.de\/wp-content\/uploads\/2019\/05\/165542ee1f32c576f35d69a5f75ef254.pdf\">20180612 Fraktionsantrag Konzept zuk\u00fcnftige Nutzung Pferdeanger<\/a><\/li>\n<li><a href=\"https:\/\/gruene-ratsfraktion-hildesheim.de\/wp-content\/uploads\/2019\/05\/165542ee1f32c576f35d69a5f75ef254.pdf\">20180601 gemeinsamer Antrag Anwendung \u00a7 13 a und b BauGB<\/a><\/li>\n<li><a href=\"https:\/\/gruene-ratsfraktion-hildesheim.de\/wp-content\/uploads\/2019\/05\/165542ee1f32c576f35d69a5f75ef254.pdf\">20180502 gemeinsamer Antrag Resolution zur Inklusion<\/a><\/li>\n<li><a href=\"https:\/\/gruene-ratsfraktion-hildesheim.de\/wp-content\/uploads\/2019\/05\/165542ee1f32c576f35d69a5f75ef254.pdf\">20180413 gemeinsamer Antrag Sprachf\u00f6rderung in Kitas<\/a><\/li>\n<li><a href=\"https:\/\/gruene-ratsfraktion-hildesheim.de\/wp-content\/uploads\/2018\/07\/2018_04_11-gemeinsamer-Antrag-Investitionsfonds-Bildung.pdf\">20180411 gemeinsamer Antrag Investitionsfonds Bildung<\/a><\/li>\n<li><a href=\"https:\/\/gruene-ratsfraktion-hildesheim.de\/wp-content\/uploads\/2018\/07\/e61669ce98cfd7b1bd977cbf493b5af4.pdf\">20180327 gemeinsamer Antrag Sachstand Inklusion in allen st\u00e4dtischen Einrichtungen<\/a><\/li>\n<li><a href=\"https:\/\/gruene-ratsfraktion-hildesheim.de\/wp-content\/uploads\/2018\/07\/df9c650073c797cab0ac1b45cc96d5c2.pdf\">20180306 gemeinsamer \u00c4nderungsantrag Potenzanalyse M\u00f6belstandort<\/a><\/li>\n<li><a href=\"https:\/\/gruene-ratsfraktion-hildesheim.de\/wp-content\/uploads\/2018\/07\/d6afa77126c8131ec58818ff0e03c0b7.pdf\">20180302 gemeinsamer Antrag Ma\u00dfnahmenpaket Kita- und Krippenausbau<\/a><\/li>\n<li><a href=\"https:\/\/gruene-ratsfraktion-hildesheim.de\/wp-content\/uploads\/2018\/07\/1c4eb4c3453ba05cb9296338dc4f81c3.pdf\">20180206 Fraktionsantrag \u00c4nderungsantrag zu Wohnen am Pferdeanger<\/a><\/li>\n<li><a href=\"https:\/\/gruene-ratsfraktion-hildesheim.de\/wp-content\/uploads\/2018\/07\/2018_01_26-Fraktionsantrag-Sachstand-Stadtverkehr.pdf\">20180126 Fraktionsantrag Sachstand Stadtverkehr<\/a><\/li>\n<li><a href=\"https:\/\/gruene-ratsfraktion-hildesheim.de\/wp-content\/uploads\/2018\/06\/3695f994ed7ddb1919b44012154a335a.pdf\">20171213 gemeinsame \u00c4nderungsliste zum Haushalt 2018<\/a><\/li>\n<li><a href=\"https:\/\/gruene-ratsfraktion-hildesheim.de\/wp-content\/uploads\/2018\/06\/9520224fe723916fb296c41b5d92e829.pdf\">20171212 gemeinsame \u00c4nderungsliste zum Haushalt 2018<\/a><\/li>\n<li><a href=\"https:\/\/gruene-ratsfraktion-hildesheim.de\/wp-content\/uploads\/2018\/06\/2017_12_05-gemeinsamer-Antrag-Investitionsprogramm-kommunaler-Fuhrpark.pdf\">20171205 gemeinsamer Antrag Investitionsprogramm kommunaler Fuhrpark<\/a><\/li>\n<li><a href=\"https:\/\/gruene-ratsfraktion-hildesheim.de\/wp-content\/uploads\/2018\/06\/2017_12_05-Anlage-Wohnraumkonzept.pdf\">20171205 Anlage Wohnraumkonzept<\/a><\/li>\n<li><a href=\"https:\/\/gruene-ratsfraktion-hildesheim.de\/wp-content\/uploads\/2018\/06\/2017_12_05-gemeinsamer-Antrag-Wohnraumversorgung-in-Hildesheim.pdf\">20171205 gemeinsamer Antrag Wohnraumversorung in Hildesheim<\/a><\/li>\n<li><a href=\"https:\/\/gruene-ratsfraktion-hildesheim.de\/wp-content\/uploads\/2018\/06\/3fd776fa26ac8fadfe58c09ae48c294c.pdf\">20171120 gemeinsamer \u00c4nderungsantrag Tourismusbeitrag<\/a><\/li>\n<li><a href=\"https:\/\/gruene-ratsfraktion-hildesheim.de\/wp-content\/uploads\/2018\/06\/9a5e0c781e6e3657d33affee26ee31e0.pdf\">20171106 gemeinsamer Antrag Sporthallenbedarf Himmelsth\u00fcr und Bromberger Stra\u00dfe<\/a><\/li>\n<li><a href=\"https:\/\/gruene-ratsfraktion-hildesheim.de\/wp-content\/uploads\/2018\/06\/eda2d471a30365b4f18371d6d99e99a3.pdf\">20170928 gemeinsamer Antrag Fortschreibung des Brandschutzbedarfsplans<\/a><\/li>\n<li><a href=\"https:\/\/gruene-ratsfraktion-hildesheim.de\/wp-content\/uploads\/2018\/06\/eda2d471a30365b4f18371d6d99e99a3.pdf\">20170828 gemeinsamer \u00c4nderungsantrag Namenswettbewerb Mackensen-Areal<\/a><\/li>\n<li><a href=\"https:\/\/gruene-ratsfraktion-hildesheim.de\/wp-content\/uploads\/2018\/06\/099112a95a2dc2693f1afd833e45ca4f.pdf\">20170818 gemeinsamer Antrag Schulentwicklung RS und HS Himmelsth\u00fcr<\/a><\/li>\n<li><a href=\"https:\/\/gruene-ratsfraktion-hildesheim.de\/wp-content\/uploads\/2018\/06\/2017_08_18-gemeinsame-Resolution-zum-Erhalt-Stundentakt-ICE.pdf\">20170818 gemeinsame Resolution zum Erhalt Stundentakt ICE<\/a><\/li>\n<li><a href=\"https:\/\/gruene-ratsfraktion-hildesheim.de\/wp-content\/uploads\/2018\/06\/2017_08_10-Fraktionsantrag-Sachstand-Schulsozialarbeit.pdf\">20170810 Fraktionsantrag Sachstand Schulsozialarbeit<\/a><\/li>\n<li><a href=\"https:\/\/gruene-ratsfraktion-hildesheim.de\/wp-content\/uploads\/2018\/06\/2017_06_15-gemeinsamer-Antrag-Aufstellung-Personalentwicklungskonzept.pdf\">20170615 gemeinsamer Antrag Aufstellung Personalentwicklungskonzept<\/a><\/li>\n<li><a href=\"https:\/\/gruene-ratsfraktion-hildesheim.de\/wp-content\/uploads\/2018\/06\/da4582803b6dcc45b56db5d6789e055a.pdf\">20170601 gemeinsamer \u00c4nderungsantrag Luftreinigung Hildesheim<\/a><\/li>\n<li><a href=\"https:\/\/gruene-ratsfraktion-hildesheim.de\/wp-content\/uploads\/2018\/06\/e75e8b8a8df177ab2f6784bf579623fa.pdf\">20170530 gemeinsamer \u00c4nderungsantrag Bebauungsplan Frankenstra\u00dfe<\/a><\/li>\n<li><a href=\"https:\/\/gruene-ratsfraktion-hildesheim.de\/wp-content\/uploads\/2018\/06\/2017_05_18-Sachstandsbericht-Stickoxidbelastung-und-Luftreinhalteplan.pdf\">20170518 Fraktionsantrag Sachstand Stickoxidbelastung und Luftreinhalteplan<\/a><\/li>\n<li><a href=\"https:\/\/gruene-ratsfraktion-hildesheim.de\/wp-content\/uploads\/2018\/06\/f8af0063a92a7813d83ebe18a4251a6f.pdf\">20170512 Fraktionsantrag Parkausnahmegenehmigung f\u00fcr Hebammen<\/a><\/li>\n<li><a href=\"https:\/\/gruene-ratsfraktion-hildesheim.de\/wp-content\/uploads\/2018\/06\/8d069ecd723714433f4483014285a4da.pdf\">20170331 gemeinsamer \u00c4nderungsantrag Bebauungsplan Nordfeld II<\/a><\/li>\n<li><a href=\"https:\/\/gruene-ratsfraktion-hildesheim.de\/wp-content\/uploads\/2018\/06\/2f839841bdaf887e18357bf036b2c777.pdf\">20170331 gemeinsamer \u00c4nderungsantrag Bewerbung Europ\u00e4ische Kulturhauptstadt<\/a><\/li>\n<li><a href=\"https:\/\/gruene-ratsfraktion-hildesheim.de\/wp-content\/uploads\/2018\/06\/e3fa25079ac78e38824e552ebaf5f49a.pdf\">20170322 gemeinsamer \u00c4nderungsantrag Bebauungsplan St. Bernward Krankenhaus<\/a><\/li>\n<li><a href=\"https:\/\/gruene-ratsfraktion-hildesheim.de\/wp-content\/uploads\/2018\/06\/8842fc1e6b981ee579154b06b50da55c.pdf\">20170310 gemeinsamer \u00c4nderungsantrag Finanzierung der Fraktionen<\/a><\/li>\n<li><a href=\"https:\/\/gruene-ratsfraktion-hildesheim.de\/wp-content\/uploads\/2018\/06\/d0c01fcc7e0e49c5ffd2988f66187077.pdf\">20170302 gemeinsamer Antrag Extremismuspr\u00e4vention und Demokratief\u00f6rderung<\/a><\/li>\n<li><a href=\"https:\/\/gruene-ratsfraktion-hildesheim.de\/wp-content\/uploads\/2018\/06\/2017_01_30-Mittelverwendung-im-Radverkehr.pdf\">2<\/a><a href=\"https:\/\/gruene-ratsfraktion-hildesheim.de\/wp-content\/uploads\/2018\/06\/2017_01_30-Mittelverwendung-im-Radverkehr.pdf\">0170130 Fraktionsantrag Mittelverwendung im Radverkehr<\/a><\/li>\n<\/ul>\n","protected":false},"excerpt":{"rendered":"<p>20181211 gemeinsamer \u00c4nderungsantrag zum Haushalt 2019 von 4 Fraktionen 20181211 gemeinsamer \u00c4nderungsantrag zum Haushalt 2019 von 3 Fraktionen 20181207 gemeinsamer Erg\u00e4nzungsantrag Gesellschaftsgr\u00fcndung zur Kl\u00e4rschlammverwertung 20181123 gemeinsamer Antrag Sachstand Bildung eines&#8230; <\/p>\n","protected":false},"author":1,"featured_media":0,"parent":12794,"menu_order":0,"comment_status":"closed","ping_status":"closed","template":"","meta":{"footnotes":""},"class_list":["post-2670","page","type-page","status-publish","hentry"],"_links":{"self":[{"href":"https:\/\/gruene-ratsfraktion-hildesheim.de\/index.php?rest_route=\/wp\/v2\/pages\/2670","targetHints":{"allow":["GET"]}}],"collection":[{"href":"https:\/\/gruene-ratsfraktion-hildesheim.de\/index.php?rest_route=\/wp\/v2\/pages"}],"about":[{"href":"https:\/\/gruene-ratsfraktion-hildesheim.de\/index.php?rest_route=\/wp\/v2\/types\/page"}],"author":[{"embeddable":true,"href":"https:\/\/gruene-ratsfraktion-hildesheim.de\/index.php?rest_route=\/wp\/v2\/users\/1"}],"replies":[{"embeddable":true,"href":"https:\/\/gruene-ratsfraktion-hildesheim.de\/index.php?rest_route=%2Fwp%2Fv2%2Fcomments&post=2670"}],"version-history":[{"count":109,"href":"https:\/\/gruene-ratsfraktion-hildesheim.de\/index.php?rest_route=\/wp\/v2\/pages\/2670\/revisions"}],"predecessor-version":[{"id":12334,"href":"https:\/\/gruene-ratsfraktion-hildesheim.de\/index.php?rest_route=\/wp\/v2\/pages\/2670\/revisions\/12334"}],"up":[{"embeddable":true,"href":"https:\/\/gruene-ratsfraktion-hildesheim.de\/index.php?rest_route=\/wp\/v2\/pages\/12794"}],"wp:attachment":[{"href":"https:\/\/gruene-ratsfraktion-hildesheim.de\/index.php?rest_route=%2Fwp%2Fv2%2Fmedia&parent=2670"}],"curies":[{"name":"wp","href":"https:\/\/api.w.org\/{rel}","templated":true}]}}