{"id":33,"date":"2013-10-14T20:44:36","date_gmt":"2013-10-14T18:44:36","guid":{"rendered":"http:\/\/gruene-ratsfraktion-hildesheim.de\/?page_id=33"},"modified":"2026-01-23T10:01:28","modified_gmt":"2026-01-23T08:01:28","slug":"ausschuesse","status":"publish","type":"page","link":"https:\/\/gruene-ratsfraktion-hildesheim.de\/?page_id=33","title":{"rendered":"Aussch\u00fcsse"},"content":{"rendered":"\t\t<div data-elementor-type=\"wp-page\" data-elementor-id=\"33\" class=\"elementor elementor-33\">\n\t\t\t\t<div class=\"elementor-element elementor-element-1211ffb7 e-flex e-con-boxed e-con e-parent\" data-id=\"1211ffb7\" data-element_type=\"container\">\n\t\t\t\t\t<div class=\"e-con-inner\">\n\t\t\t\t<div class=\"elementor-element elementor-element-2751fcf8 elementor-widget elementor-widget-text-editor\" data-id=\"2751fcf8\" data-element_type=\"widget\" data-widget_type=\"text-editor.default\">\n\t\t\t\t<div class=\"elementor-widget-container\">\n\t\t\t\t\t\t\t<h3>\u00a0<\/h3>\n<h3>B\u00fcrgermeisterin: Dr. Doris Wendt<\/h3>\n<h3>Gr\u00fcne Ratsmitglieder (plus weitere Gr\u00fcnen-Vertreter*innen) sind in folgenden Aussch\u00fcssen vertreten:<\/h3>\n<address>Stand der Angaben 17.11.2025<\/address><address>\u00a0<\/address>\n<ul style=\"list-style-type: circle;\">\n<li>\n<h4><span style=\"color: #ff0000;\"><span style=\"color: #000000;\">Verwaltungsausschuss (VA) <\/span><\/span><\/h4>\n<p>Tinka Dittrich<br \/>Thomas Kittel<br \/>Dr. Doris Wendt<br \/>Julia Gebhardt, (stv. Mitglied)<br \/>Rosa Wagner-Kr\u00f6ger, (stv. Mitglied)<br \/>Volker Spieth, (stv. Mitglied)<\/p>\n<\/li>\n<li>\n<h4><span style=\"color: #000000;\">Ausschuss f\u00fcr Feuerschutz, Innere Angelegenheiten und Digitalisierung (FIDi)<br \/><\/span><\/h4>\n<p>Thomas Kittel<br \/>J\u00f6rg Bredtschneider<\/p>\n<\/li>\n<li>\n<h4><span style=\"color: #ff0000;\"><span style=\"color: #000000;\">Ausschuss f\u00fcr Finanzen, Wirtschaftsf\u00f6rderung und Liegenschaften (FinA)<\/span><\/span><\/h4>\n<p><span style=\"color: #000000;\">Volker Spieth<br \/>Julia Gebhardt<br \/>Rosa Wagner-Kr\u00f6ger<\/span><br \/>J\u00f6rg Bredtschneider (stv. Mitglied)<br \/>Dr. Barbara Fritz (stv. Mitglied)<\/p>\n<\/li>\n<li>\u00a0<\/li>\n<li>\n<h4><span style=\"color: #000000;\">Ausschuss f\u00fcr Stadtentwicklung, Umwelt und Mobilit\u00e4t (StUM)<br \/><\/span><\/h4>\n<p>Tinka Dittrich<br \/>Thomas Kittel<br \/>Uwe Adling<br \/>J\u00f6rg Bredtschneider, (stv. Mitglied)<br \/>Volker Spieth, (stv. Mitglied)<br \/>Susanne Philipps, (stv. Mitglied)<\/p>\n<\/li>\n<li>\n<h4><span style=\"color: #000000;\">Ausschuss f\u00fcr Schule\/Bildung und Sport<br \/><\/span><\/h4>\n<div>\n<p>Dr. Doris Wendt, stv. Ausschussvorsitzende<br \/>Susanne Philipps<br \/>Uwe Adling<\/p>\n<\/div>\n<\/li>\n<li>\n<h4><span style=\"color: #000000;\">Ausschuss f\u00fcr Soziales, Jugend und Integration<br \/><\/span><\/h4>\n<p>Volker Spieth, stv. Ausschussvorsitzender<br \/>Tinka Dittrich<br \/>Dr. Barbara Fritz<br \/>Marie Hilgenfeld (beratendes Mitglied)<\/p>\n<\/li>\n<li>\n<h4><span style=\"color: #000000;\">Ausschuss f\u00fcr Kultur und Demographie <\/span><\/h4>\n<p>Rosa Wagner-Kr\u00f6ger, Ausschussvorsitzende<br \/>Julia Gebhardt<br \/>Dr. Doris Wendt<\/p>\n<\/li>\n<li>\n<h4><span style=\"color: #000000;\">Umlegungsausschuss\u00a0 <\/span><\/h4>\n<p>Volker Spieth<\/p>\n<p>Ausf\u00fchrliche Informationen zur Besetzung aller Aussch\u00fcsse (Aufsichtsr\u00e4te und weitere Gremien) \u00fcber folgenden Link: <a href=\"https:\/\/www.sitzungsdienst-hildesheim.de\/bi\/allris.net.asp\">B\u00fcrger- und Ratsinformationssystem der Stadt Hildesheim<\/a><\/p>\n<\/li>\n<\/ul>\n<!-- wp:paragraph -->\n<p>\u00a0<\/p>\n<!-- \/wp:paragraph -->\t\t\t\t\t\t<\/div>\n\t\t\t\t<\/div>\n\t\t\t\t\t<\/div>\n\t\t\t\t<\/div>\n\t\t\t\t<\/div>\n\t\t","protected":false},"excerpt":{"rendered":"<p>\u00a0 B\u00fcrgermeisterin: Dr. Doris Wendt Gr\u00fcne Ratsmitglieder (plus weitere Gr\u00fcnen-Vertreter*innen) sind in folgenden Aussch\u00fcssen vertreten: Stand der Angaben 17.11.2025 \u00a0 Verwaltungsausschuss (VA) Tinka DittrichThomas KittelDr. Doris WendtJulia Gebhardt, (stv. Mitglied)Rosa&#8230; <\/p>\n","protected":false},"author":1,"featured_media":0,"parent":22,"menu_order":1,"comment_status":"closed","ping_status":"closed","template":"","meta":{"footnotes":""},"class_list":["post-33","page","type-page","status-publish","hentry"],"_links":{"self":[{"href":"https:\/\/gruene-ratsfraktion-hildesheim.de\/index.php?rest_route=\/wp\/v2\/pages\/33","targetHints":{"allow":["GET"]}}],"collection":[{"href":"https:\/\/gruene-ratsfraktion-hildesheim.de\/index.php?rest_route=\/wp\/v2\/pages"}],"about":[{"href":"https:\/\/gruene-ratsfraktion-hildesheim.de\/index.php?rest_route=\/wp\/v2\/types\/page"}],"author":[{"embeddable":true,"href":"https:\/\/gruene-ratsfraktion-hildesheim.de\/index.php?rest_route=\/wp\/v2\/users\/1"}],"replies":[{"embeddable":true,"href":"https:\/\/gruene-ratsfraktion-hildesheim.de\/index.php?rest_route=%2Fwp%2Fv2%2Fcomments&post=33"}],"version-history":[{"count":114,"href":"https:\/\/gruene-ratsfraktion-hildesheim.de\/index.php?rest_route=\/wp\/v2\/pages\/33\/revisions"}],"predecessor-version":[{"id":14151,"href":"https:\/\/gruene-ratsfraktion-hildesheim.de\/index.php?rest_route=\/wp\/v2\/pages\/33\/revisions\/14151"}],"up":[{"embeddable":true,"href":"https:\/\/gruene-ratsfraktion-hildesheim.de\/index.php?rest_route=\/wp\/v2\/pages\/22"}],"wp:attachment":[{"href":"https:\/\/gruene-ratsfraktion-hildesheim.de\/index.php?rest_route=%2Fwp%2Fv2%2Fmedia&parent=33"}],"curies":[{"name":"wp","href":"https:\/\/api.w.org\/{rel}","templated":true}]}}