{"id":37,"date":"2013-10-14T20:46:09","date_gmt":"2013-10-14T18:46:09","guid":{"rendered":"http:\/\/gruene-ratsfraktion-hildesheim.de\/?page_id=37"},"modified":"2025-11-12T13:44:20","modified_gmt":"2025-11-12T11:44:20","slug":"ortsraete","status":"publish","type":"page","link":"https:\/\/gruene-ratsfraktion-hildesheim.de\/?page_id=37","title":{"rendered":"Ortsr\u00e4te"},"content":{"rendered":"\t\t<div data-elementor-type=\"wp-page\" data-elementor-id=\"37\" class=\"elementor elementor-37\">\n\t\t\t\t<div class=\"elementor-element elementor-element-53a0245b e-flex e-con-boxed e-con e-parent\" data-id=\"53a0245b\" data-element_type=\"container\">\n\t\t\t\t\t<div class=\"e-con-inner\">\n\t\t\t\t<div class=\"elementor-element elementor-element-49631272 elementor-widget elementor-widget-text-editor\" data-id=\"49631272\" data-element_type=\"widget\" data-widget_type=\"text-editor.default\">\n\t\t\t\t<div class=\"elementor-widget-container\">\n\t\t\t\t\t\t\t<address>Stand der Angaben 12.11.2025<\/address><ul><li><h4>Ortsrat Achtum-Uppen<\/h4><p>Anja Markwart, stv. Ortsb\u00fcrgermeisterin<br \/>David Hauschild<br \/>Ute Deininger<br \/>Uwe Adling, beratendes Mitglied<br \/>Rosa Wagner-Kr\u00f6ger, beratendes Mitglied,<br \/>Dr. Barbara Fritz, beratendes Mitglied,<\/p><\/li><li><h4>Ortsrat Bavenstedt<\/h4><p>Rosa Wagner-Kr\u00f6ger, beratendes Mitglied,<br \/>Uwe Adling, beratendes Mitglied,<br \/>Dr. Barbara Fritz, beratendes Mitglied<\/p><\/li><li><h4>Ortsrat Drispenstedt<\/h4><p>Rosa Wagner-Kr\u00f6ger, beratendes Mitglied,<br \/>Uwe Adling, beratendes Mitglied,<br \/>Dr. Barbara Fritz, beratendes Mitglied<\/p><\/li><li><h4>Ortsrat Einum<\/h4><p>Benedikt Skorka, stv. Ortsb\u00fcrgermeister<br \/>Rudolf M\u00fcnzebrock<br \/>Rosa Wagner-Kr\u00f6ger, beratendes Mitglied,<br \/>Uwe Adling, beratendes Mitglied,<br \/>Dr. Barbara Fritz, beratendes Mitglied<\/p><\/li><li><h4>Ortsrat Himmelsth\u00fcr<\/h4><p>Florian Meyer<br \/>Thomas Hofherr<br \/>Tinka Dittrich, beratendes Mitglied<br \/>Jens Schulte-Koch, beratendes Mitglied<br \/>Thomas Kittel, beratendes Mitglied<\/p><\/li><li><h4>Ortsrat Itzum-Marienburg<\/h4><p>Hanna Snakker<br \/>R\u00fcdiger B\u00fcckmann<br \/>J\u00fcrgen Blumtritt<br \/>J\u00f6rg Bredtschneider, beratendes Mitglied<br \/>Julia Gebhardt, beratendes Mitglied<br \/>Volker Spieth, beratendes Mitglied<br \/>Susanne Philipps, beratendes Mitglied<\/p><\/li><li><h4>Ortsrat Neuhof\/Hildesheimer Wald\/Marienrode<\/h4><p>Kathrin Vornkahl, stv. Ortsb\u00fcrgermeisterin<br \/>Thomas Kittel<br \/>Tinka Dittrich, beratendes Mitglied<br \/>Jens Schulte-Koch, beratendes Mitglied<\/p><\/li><li><h4>Ortsrat Ochtersum<\/h4><p>Ute Wittenberg, stv. Ortsb\u00fcrgermeisterin<br \/>Elke Warsewa<br \/>J\u00f6rg Bredtschneider, beratendes Mitglied<br \/>Julia Gebhardt, beratendes Mitglied<br \/>Susanne Philipps, beratendes Mitglied<br \/>Volker Spieth, beratendes Mitglied<\/p><\/li><li><h4>Ortsrat Sorsum<\/h4><p>Thomas Kittel, beratendes Mitglied<br \/>Jens Schulte-Koch, beratendes Mitglied<br \/>Tinka Dittrich, beratendes Mitglied<\/p><\/li><li><h4>Ortsrat Oststadt\/Stadtfeld<\/h4><p>Sabine Sonnenberg, Ortsb\u00fcrgermeisterin<br \/>Barbara Schmidt<br \/>Elena Kraft<br \/>Dr. Barbara Fritz<br \/>Uwe Adling, beratendes Mitglied<br \/>Rosa Wagner-Kr\u00f6ger, beratendes Mitglied<\/p><\/li><li><h4>Ortsrat Marienburger H\u00f6he\/Galgenberg<\/h4><p>Norbert Frischen, Ortsb\u00fcrgermeister<br \/>Jan M\u00f6rsch<br \/>Susanne Philipps<br \/>Achim Schattmann<br \/>J\u00f6rg Bredtschneider, beratendes Mitglied<br \/>Julia Gebhard, beratendes Mitglied<br \/>Volker Spieth, beratendes Mitglied<\/p><\/li><li><h4>Ortsrat Moritzberg\/Bockfeld<\/h4><p>Ursula Oehlschl\u00e4ger, stv. Ortsb\u00fcrgermeisterin<br \/>Thomas Schl\u00fcter<br \/>Andrea Althaus-Bode<br \/>Thomas Kittel, beratendes Mitglied<br \/>Tinka Dittrich, beratendes Mitglied<br \/>Jens Schulte-Koch, beratendes Mitglied<\/p><\/li><li><h4>Ortsrat Nordstadt<\/h4><p>Ekkehard Domning, Ortsb\u00fcrgermeister<br \/>Rashmi Grashorn<br \/>Dr. Doris Wendt, beratendes Mitglied,<br \/>Dr. Barbara Fritz, beratendes Mitglied<\/p><\/li><li><h4>Ortsrat Stadtmitte\/Neustadt<\/h4><p>Dr. Doris Wendt<br \/>Edeltraud Groenda-Meyer<br \/>Julia Gebhard, beratendes Mitglied<br \/>Dr. Barbara Fritz, beratendes Mitglied<\/p><\/li><\/ul><p><a href=\"http:\/\/www.sitzungsdienst-hildesheim.de\/bi\/au010.asp?SORTVON=101&amp;SORTBIS=200&amp;T1=Ortsr%E4te\" target=\"_blank\" rel=\"noopener\">&gt;&gt;&gt; zum B\u00fcrgerinformationssystem der Stadt Hildesheim<\/a><\/p>\t\t\t\t\t\t<\/div>\n\t\t\t\t<\/div>\n\t\t\t\t\t<\/div>\n\t\t\t\t<\/div>\n\t\t\t\t<\/div>\n\t\t","protected":false},"excerpt":{"rendered":"<p>Stand der Angaben 12.11.2025 Ortsrat Achtum-Uppen Anja Markwart, stv. Ortsb\u00fcrgermeisterinDavid HauschildUte DeiningerUwe Adling, beratendes MitgliedRosa Wagner-Kr\u00f6ger, beratendes Mitglied,Dr. Barbara Fritz, beratendes Mitglied, Ortsrat Bavenstedt Rosa Wagner-Kr\u00f6ger, beratendes Mitglied,Uwe Adling, beratendes&#8230; <\/p>\n","protected":false},"author":1,"featured_media":0,"parent":22,"menu_order":3,"comment_status":"closed","ping_status":"closed","template":"","meta":{"footnotes":""},"class_list":["post-37","page","type-page","status-publish","hentry"],"_links":{"self":[{"href":"https:\/\/gruene-ratsfraktion-hildesheim.de\/index.php?rest_route=\/wp\/v2\/pages\/37","targetHints":{"allow":["GET"]}}],"collection":[{"href":"https:\/\/gruene-ratsfraktion-hildesheim.de\/index.php?rest_route=\/wp\/v2\/pages"}],"about":[{"href":"https:\/\/gruene-ratsfraktion-hildesheim.de\/index.php?rest_route=\/wp\/v2\/types\/page"}],"author":[{"embeddable":true,"href":"https:\/\/gruene-ratsfraktion-hildesheim.de\/index.php?rest_route=\/wp\/v2\/users\/1"}],"replies":[{"embeddable":true,"href":"https:\/\/gruene-ratsfraktion-hildesheim.de\/index.php?rest_route=%2Fwp%2Fv2%2Fcomments&post=37"}],"version-history":[{"count":62,"href":"https:\/\/gruene-ratsfraktion-hildesheim.de\/index.php?rest_route=\/wp\/v2\/pages\/37\/revisions"}],"predecessor-version":[{"id":14110,"href":"https:\/\/gruene-ratsfraktion-hildesheim.de\/index.php?rest_route=\/wp\/v2\/pages\/37\/revisions\/14110"}],"up":[{"embeddable":true,"href":"https:\/\/gruene-ratsfraktion-hildesheim.de\/index.php?rest_route=\/wp\/v2\/pages\/22"}],"wp:attachment":[{"href":"https:\/\/gruene-ratsfraktion-hildesheim.de\/index.php?rest_route=%2Fwp%2Fv2%2Fmedia&parent=37"}],"curies":[{"name":"wp","href":"https:\/\/api.w.org\/{rel}","templated":true}]}}