{"id":380,"date":"2013-10-28T17:22:12","date_gmt":"2013-10-28T15:22:12","guid":{"rendered":"http:\/\/gruene-ratsfraktion-hildesheim.de\/?page_id=380"},"modified":"2022-07-26T14:28:08","modified_gmt":"2022-07-26T12:28:08","slug":"buero-und-geschaeftsfuehrung","status":"publish","type":"page","link":"https:\/\/gruene-ratsfraktion-hildesheim.de\/?page_id=380","title":{"rendered":"Kontakt"},"content":{"rendered":"<h4>Fraktionsgesch\u00e4ftsf\u00fchrung:<br \/>\nSilke Henning<\/h4>\n<h3><strong><span style=\"color: #008000;\"> neue Adresse ab 1. Februar 2022:<br \/>\nJakobistra\u00dfe 15,<br \/>\n31134 Hildesheim<\/span><\/strong><\/h3>\n<p><strong>B\u00fcrozeiten:<br \/>\nMo, Di und Do 9 &#8211; 12.30 Uhr<br \/>\ntelefonisch: Mo bis Fr<\/strong><strong> 9 &#8211; 12.30 Uhr<\/strong><\/p>\n<p><strong>FON 05121 &#8211; 13 43 03<\/strong><br \/>\n<strong> FAX 05121 &#8211;\u00a0 3 93 22<\/strong><br \/>\n<strong> E-Mail:\u00a0<span style=\"color: #000000;\"> fraktion-hi(at)gruene-hildesheim.de<\/span><\/strong><\/p>\n<img fetchpriority=\"high\" decoding=\"async\" src=\"https:\/\/gruene-ratsfraktion-hildesheim.de\/wp-content\/uploads\/2013\/10\/buero_silke.jpg\" alt=\"\" width=\"510\" height=\"340\" \/>\n","protected":false},"excerpt":{"rendered":"<p>Fraktionsgesch\u00e4ftsf\u00fchrung: Silke Henning neue Adresse ab 1. Februar 2022: Jakobistra\u00dfe 15, 31134 Hildesheim B\u00fcrozeiten: Mo, Di und Do 9 &#8211; 12.30 Uhr telefonisch: Mo bis Fr 9 &#8211; 12.30 Uhr&#8230; <\/p>\n","protected":false},"author":1,"featured_media":0,"parent":0,"menu_order":0,"comment_status":"closed","ping_status":"closed","template":"","meta":{"footnotes":""},"class_list":["post-380","page","type-page","status-publish","hentry"],"_links":{"self":[{"href":"https:\/\/gruene-ratsfraktion-hildesheim.de\/index.php?rest_route=\/wp\/v2\/pages\/380","targetHints":{"allow":["GET"]}}],"collection":[{"href":"https:\/\/gruene-ratsfraktion-hildesheim.de\/index.php?rest_route=\/wp\/v2\/pages"}],"about":[{"href":"https:\/\/gruene-ratsfraktion-hildesheim.de\/index.php?rest_route=\/wp\/v2\/types\/page"}],"author":[{"embeddable":true,"href":"https:\/\/gruene-ratsfraktion-hildesheim.de\/index.php?rest_route=\/wp\/v2\/users\/1"}],"replies":[{"embeddable":true,"href":"https:\/\/gruene-ratsfraktion-hildesheim.de\/index.php?rest_route=%2Fwp%2Fv2%2Fcomments&post=380"}],"version-history":[{"count":20,"href":"https:\/\/gruene-ratsfraktion-hildesheim.de\/index.php?rest_route=\/wp\/v2\/pages\/380\/revisions"}],"predecessor-version":[{"id":12975,"href":"https:\/\/gruene-ratsfraktion-hildesheim.de\/index.php?rest_route=\/wp\/v2\/pages\/380\/revisions\/12975"}],"wp:attachment":[{"href":"https:\/\/gruene-ratsfraktion-hildesheim.de\/index.php?rest_route=%2Fwp%2Fv2%2Fmedia&parent=380"}],"curies":[{"name":"wp","href":"https:\/\/api.w.org\/{rel}","templated":true}]}}